{"id":1573,"date":"2021-01-29T21:33:50","date_gmt":"2021-01-29T21:33:50","guid":{"rendered":"https:\/\/roperpumps.com\/?page_id=1573"},"modified":"2024-12-13T23:04:24","modified_gmt":"2024-12-13T23:04:24","slug":"iso-certificate","status":"publish","type":"page","link":"https:\/\/roperpumps.com\/es\/iso-certificate\/","title":{"rendered":"Certificado ISO"},"content":{"rendered":"<div data-elementor-type=\"wp-page\" data-elementor-id=\"1573\" class=\"elementor elementor-1573\" data-elementor-post-type=\"page\">\n\t\t\t\t\t\t<section data-particle_enable=\"false\" data-particle-mobile-disabled=\"false\" class=\"elementor-section elementor-top-section elementor-element elementor-element-a4d0f03 elementor-section-boxed elementor-section-height-default elementor-section-height-default\" data-id=\"a4d0f03\" data-element_type=\"section\" data-e-type=\"section\" data-settings=\"{&quot;background_background&quot;:&quot;classic&quot;,&quot;shape_divider_bottom&quot;:&quot;waves&quot;,&quot;shape_divider_bottom_negative&quot;:&quot;yes&quot;}\">\n\t\t\t\t\t\t\t<div class=\"elementor-background-overlay\"><\/div>\n\t\t\t\t\t\t<div class=\"elementor-shape elementor-shape-bottom\" aria-hidden=\"true\" data-negative=\"true\">\n\t\t\t<svg xmlns=\"http:\/\/www.w3.org\/2000\/svg\" viewbox=\"0 0 1000 100\" preserveaspectratio=\"none\">\n\t<path class=\"elementor-shape-fill\" d=\"M790.5,93.1c-59.3-5.3-116.8-18-192.6-50c-29.6-12.7-76.9-31-100.5-35.9c-23.6-4.9-52.6-7.8-75.5-5.3\tc-10.2,1.1-22.6,1.4-50.1,7.4c-27.2,6.3-58.2,16.6-79.4,24.7c-41.3,15.9-94.9,21.9-134,22.6C72,58.2,0,25.8,0,25.8V100h1000V65.3\tc0,0-51.5,19.4-106.2,25.7C839.5,97,814.1,95.2,790.5,93.1z\"\/>\n<\/svg>\t\t<\/div>\n\t\t\t\t\t<div class=\"elementor-container elementor-column-gap-no\">\n\t\t\t\t\t<div class=\"elementor-column elementor-col-100 elementor-top-column elementor-element elementor-element-1b00f3d\" data-id=\"1b00f3d\" data-element_type=\"column\" data-e-type=\"column\">\n\t\t\t<div class=\"elementor-widget-wrap elementor-element-populated\">\n\t\t\t\t\t\t<div class=\"elementor-element elementor-element-e096b41 elementor-widget elementor-widget-spacer\" data-id=\"e096b41\" data-element_type=\"widget\" data-e-type=\"widget\" data-widget_type=\"spacer.default\">\n\t\t\t\t<div class=\"elementor-widget-container\">\n\t\t\t\t\t\t\t<div class=\"elementor-spacer\">\n\t\t\t<div class=\"elementor-spacer-inner\"><\/div>\n\t\t<\/div>\n\t\t\t\t\t\t<\/div>\n\t\t\t\t<\/div>\n\t\t\t\t<section data-particle_enable=\"false\" data-particle-mobile-disabled=\"false\" class=\"elementor-section elementor-inner-section elementor-element elementor-element-d41486d elementor-section-boxed elementor-section-height-default elementor-section-height-default\" data-id=\"d41486d\" data-element_type=\"section\" data-e-type=\"section\">\n\t\t\t\t\t\t<div class=\"elementor-container elementor-column-gap-no\">\n\t\t\t\t\t<div class=\"elementor-column elementor-col-50 elementor-inner-column elementor-element elementor-element-96a4d4b\" data-id=\"96a4d4b\" data-element_type=\"column\" data-e-type=\"column\">\n\t\t\t<div class=\"elementor-widget-wrap elementor-element-populated\">\n\t\t\t\t\t\t<div class=\"elementor-element elementor-element-c4bfb30 elementor-widget elementor-widget-heading\" data-id=\"c4bfb30\" data-element_type=\"widget\" data-e-type=\"widget\" data-settings=\"{&quot;_animation&quot;:&quot;none&quot;}\" data-widget_type=\"heading.default\">\n\t\t\t\t<div class=\"elementor-widget-container\">\n\t\t\t\t\t<h1 class=\"elementor-heading-title elementor-size-default\">CERTIFICADO ISO 9001:2015<\/h1>\t\t\t\t<\/div>\n\t\t\t\t<\/div>\n\t\t\t\t<div class=\"elementor-element elementor-element-52bfde0 elementor-widget elementor-widget-text-editor\" data-id=\"52bfde0\" data-element_type=\"widget\" data-e-type=\"widget\" data-settings=\"{&quot;_animation&quot;:&quot;none&quot;}\" data-widget_type=\"text-editor.default\">\n\t\t\t\t<div class=\"elementor-widget-container\">\n\t\t\t\t\t\t\t\t\t<p>Fabricamos las bombas m\u00e1s fiables y ofrecemos un servicio de atenci\u00f3n al cliente inigualable porque su \u00e9xito es importante para nosotros.<br \/>- Diane Edwards, Presidenta<\/p>\t\t\t\t\t\t\t\t<\/div>\n\t\t\t\t<\/div>\n\t\t\t\t\t<\/div>\n\t\t<\/div>\n\t\t\t\t<div class=\"elementor-column elementor-col-50 elementor-inner-column elementor-element elementor-element-2c7b97c\" data-id=\"2c7b97c\" data-element_type=\"column\" data-e-type=\"column\">\n\t\t\t<div class=\"elementor-widget-wrap\">\n\t\t\t\t\t\t\t<\/div>\n\t\t<\/div>\n\t\t\t\t\t<\/div>\n\t\t<\/section>\n\t\t\t\t<div class=\"elementor-element elementor-element-c698ce3 elementor-widget elementor-widget-spacer\" data-id=\"c698ce3\" data-element_type=\"widget\" data-e-type=\"widget\" data-widget_type=\"spacer.default\">\n\t\t\t\t<div class=\"elementor-widget-container\">\n\t\t\t\t\t\t\t<div class=\"elementor-spacer\">\n\t\t\t<div class=\"elementor-spacer-inner\"><\/div>\n\t\t<\/div>\n\t\t\t\t\t\t<\/div>\n\t\t\t\t<\/div>\n\t\t\t\t\t<\/div>\n\t\t<\/div>\n\t\t\t\t\t<\/div>\n\t\t<\/section>\n\t\t\t\t<div class=\"unlimited-elements-background-overlay\" data-forid=\"a4d0f03\" data-location=\"back\" style=\"display:none\">\n\t\t\t<template>\n\t\t\t\n<!-- start Particles -->\n<style>\/* widget: Particles *\/\n\n.uc-background-particles{\n  position:absolute; \n  width: 100%; \n  height: 100%; \n  top:0px;\n  left:0px;\t\n}\n\n<\/style>\n\n<div id=\"uc_particles_background_bg_addon26168\" class=\"uc-background-particles\"><\/div>\n<script type=\"text\/javascript\"  id=\"ue_script_particles_background\">\n\n\/* Particles scripts: *\/ \n\njQuery(document).ready(function(){\n  \n  var objSettings = {\n   \"particles\":{\n      \"number\":{\n         \"value\":60,\n         \"density\":{\n            \"enable\":true,\n            \"value_area\":800\n         }\n      },\n      \"color\":{\n         \"value\":\"#ffffff\"\n      },\n      \"shape\":{\n         \"type\":\"circle\",\n         \"stroke\":{\n            \"width\":0,\n            \"color\":\"#000000\"\n         },\n         \"polygon\":{\n            \"nb_sides\":5\n         },\n         \"image\":{\n            \"src\":\"img\/github.svg\",\n            \"width\":100,\n            \"height\":100\n         }\n      },\n      \"opacity\":{\n         \"value\":0.5,\n         \"random\":false,\n         \"anim\":{\n            \"enable\":false,\n            \"speed\":1,\n            \"opacity_min\":0.1,\n            \"sync\":false\n         }\n      },\n      \"size\":{\n         \"value\":3,\n         \"random\":true,\n         \"anim\":{\n            \"enable\":false,\n            \"speed\":40,\n            \"size_min\":0.1,\n            \"sync\":false\n         }\n      },\n      \"line_linked\":{\n         \"enable\":true,\n         \"distance\":150,\n         \"color\":\"#ffffff\",\n         \"opacity\":0.4,\n         \"width\":1\n      },\n      \"move\":{\n         \"enable\":true,\n         \"speed\":6,\n         \"direction\":\"none\",\n         \"random\":false,\n         \"straight\":false,\n         \"out_mode\":\"out\",\n         \"bounce\":false,\n         \"attract\":{\n            \"enable\":false,\n            \"rotateX\":600,\n            \"rotateY\":1200\n         }\n      }\n   },\n   \"interactivity\":{\n      \"detect_on\":\"canvas\",\n      \"events\":{\n         \"onhover\":{\n            \"enable\":true,\n            \"mode\":\"repulse\"\n         },\n         \"onclick\":{\n            \"enable\":true,\n            \"mode\":\"push\"\n         },\n         \"resize\":true\n      },\n      \"modes\":{\n         \"grab\":{\n            \"distance\":400,\n            \"line_linked\":{\n               \"opacity\":1\n            }\n         },\n         \"bubble\":{\n            \"distance\":400,\n            \"size\":40,\n            \"duration\":2,\n            \"opacity\":8,\n            \"speed\":3\n         },\n         \"repulse\":{\n            \"distance\":200,\n            \"duration\":0.4\n         },\n         \"push\":{\n            \"particles_nb\":4\n         },\n         \"remove\":{\n            \"particles_nb\":2\n         }\n      }\n   },\n   \"retina_detect\":true\n};\n  particlesJS(\"uc_particles_background_bg_addon26168\", objSettings);\n  \n  var count_particles, stats, update; stats = new Stats; stats.setMode(0); stats.domElement.style.position = 'absolute'; stats.domElement.style.left = '0px'; stats.domElement.style.top = '0px';\n});\n<\/script>\n<!-- end Particles -->\t\t\t<\/template>\n\t\t<\/div>\n\t\t\n\t\t\t\t<section data-particle_enable=\"false\" data-particle-mobile-disabled=\"false\" class=\"elementor-section elementor-top-section elementor-element elementor-element-1b32b7b elementor-section-boxed elementor-section-height-default elementor-section-height-default\" data-id=\"1b32b7b\" data-element_type=\"section\" data-e-type=\"section\">\n\t\t\t\t\t\t<div class=\"elementor-container elementor-column-gap-default\">\n\t\t\t\t\t<div class=\"elementor-column elementor-col-100 elementor-top-column elementor-element elementor-element-ec53147\" data-id=\"ec53147\" data-element_type=\"column\" data-e-type=\"column\">\n\t\t\t<div class=\"elementor-widget-wrap elementor-element-populated\">\n\t\t\t\t\t\t<div class=\"elementor-element elementor-element-ef9de91 elementor-widget elementor-widget-wpfd_choose_file\" data-id=\"ef9de91\" data-element_type=\"widget\" data-e-type=\"widget\" data-widget_type=\"wpfd_choose_file.default\">\n\t\t\t\t<div class=\"elementor-widget-container\">\n\t\t\t\t\t<div id=\"wpfd-elementor-single-file\" class=\"wpfd-elementor-single-file\"><\/div>\t\t\t\t<\/div>\n\t\t\t\t<\/div>\n\t\t\t\t\t<\/div>\n\t\t<\/div>\n\t\t\t\t\t<\/div>\n\t\t<\/section>\n\t\t\t\t<\/div>","protected":false},"excerpt":{"rendered":"<p>ISO 9001:2015 CERTIFICATE We build the most reliable pumps and offer unparalleled customer service because your success is important to us.&#8211; Diane Edwards, President ISOCertificate12728Revised28May2019 File size: 211.73 KB Created: 29-01-2021 Updated: 04-08-2021 Hits: 7 Download<\/p>","protected":false},"author":1,"featured_media":0,"parent":0,"menu_order":0,"comment_status":"closed","ping_status":"closed","template":"","meta":{"content-type":"","site-sidebar-layout":"no-sidebar","site-content-layout":"page-builder","ast-site-content-layout":"full-width-container","site-content-style":"unboxed","site-sidebar-style":"unboxed","ast-global-header-display":"","ast-banner-title-visibility":"","ast-main-header-display":"","ast-hfb-above-header-display":"","ast-hfb-below-header-display":"","ast-hfb-mobile-header-display":"","site-post-title":"disabled","ast-breadcrumbs-content":"","ast-featured-img":"disabled","footer-sml-layout":"","ast-disable-related-posts":"","theme-transparent-header-meta":"default","adv-header-id-meta":"","stick-header-meta":"default","header-above-stick-meta":"","header-main-stick-meta":"","header-below-stick-meta":"","astra-migrate-meta-layouts":"set","ast-page-background-enabled":"default","ast-page-background-meta":{"desktop":{"background-color":"var(--ast-global-color-4)","background-image":"","background-repeat":"repeat","background-position":"center center","background-size":"auto","background-attachment":"scroll","background-type":"","background-media":"","overlay-type":"","overlay-color":"","overlay-opacity":"","overlay-gradient":""},"tablet":{"background-color":"","background-image":"","background-repeat":"repeat","background-position":"center center","background-size":"auto","background-attachment":"scroll","background-type":"","background-media":"","overlay-type":"","overlay-color":"","overlay-opacity":"","overlay-gradient":""},"mobile":{"background-color":"","background-image":"","background-repeat":"repeat","background-position":"center center","background-size":"auto","background-attachment":"scroll","background-type":"","background-media":"","overlay-type":"","overlay-color":"","overlay-opacity":"","overlay-gradient":""}},"ast-content-background-meta":{"desktop":{"background-color":"var(--ast-global-color-5)","background-image":"","background-repeat":"repeat","background-position":"center center","background-size":"auto","background-attachment":"scroll","background-type":"","background-media":"","overlay-type":"","overlay-color":"","overlay-opacity":"","overlay-gradient":""},"tablet":{"background-color":"var(--ast-global-color-5)","background-image":"","background-repeat":"repeat","background-position":"center center","background-size":"auto","background-attachment":"scroll","background-type":"","background-media":"","overlay-type":"","overlay-color":"","overlay-opacity":"","overlay-gradient":""},"mobile":{"background-color":"var(--ast-global-color-5)","background-image":"","background-repeat":"repeat","background-position":"center center","background-size":"auto","background-attachment":"scroll","background-type":"","background-media":"","overlay-type":"","overlay-color":"","overlay-opacity":"","overlay-gradient":""}},"footnotes":""},"class_list":["post-1573","page","type-page","status-publish","hentry"],"yoast_head":"<!-- This site is optimized with the Yoast SEO plugin v27.5 - https:\/\/yoast.com\/product\/yoast-seo-wordpress\/ -->\n<title>ISO Certification | Roper Pump Company<\/title>\n<meta name=\"description\" content=\"Roper Pump Company gets ISO 9001:2015 certification for combining reliability with outstanding customer support in pumping solutions to help drive your success.\" \/>\n<meta name=\"robots\" content=\"index, follow, max-snippet:-1, max-image-preview:large, max-video-preview:-1\" \/>\n<link rel=\"canonical\" href=\"https:\/\/roperpumps.com\/es\/iso-certificate\/\" \/>\n<meta property=\"og:locale\" content=\"es_MX\" \/>\n<meta property=\"og:type\" content=\"article\" \/>\n<meta property=\"og:title\" content=\"ISO Certification | Roper Pump Company\" \/>\n<meta property=\"og:description\" content=\"Roper Pump Company gets ISO 9001:2015 certification for combining reliability with outstanding customer support in pumping solutions to help drive your success.\" \/>\n<meta property=\"og:url\" content=\"https:\/\/roperpumps.com\/es\/iso-certificate\/\" \/>\n<meta property=\"og:site_name\" content=\"Roper Pump Company\" \/>\n<meta property=\"article:modified_time\" content=\"2024-12-13T23:04:24+00:00\" \/>\n<meta name=\"twitter:card\" content=\"summary_large_image\" \/>\n<meta name=\"twitter:label1\" content=\"Tiempo de lectura\" \/>\n\t<meta name=\"twitter:data1\" content=\"1 minuto\" \/>\n<script type=\"application\/ld+json\" class=\"yoast-schema-graph\">{\"@context\":\"https:\\\/\\\/schema.org\",\"@graph\":[{\"@type\":\"WebPage\",\"@id\":\"https:\\\/\\\/roperpumps.com\\\/iso-certificate\\\/\",\"url\":\"https:\\\/\\\/roperpumps.com\\\/iso-certificate\\\/\",\"name\":\"ISO Certification | Roper Pump Company\",\"isPartOf\":{\"@id\":\"https:\\\/\\\/roperpumps.com\\\/#website\"},\"datePublished\":\"2021-01-29T21:33:50+00:00\",\"dateModified\":\"2024-12-13T23:04:24+00:00\",\"description\":\"Roper Pump Company gets ISO 9001:2015 certification for combining reliability with outstanding customer support in pumping solutions to help drive your success.\",\"breadcrumb\":{\"@id\":\"https:\\\/\\\/roperpumps.com\\\/iso-certificate\\\/#breadcrumb\"},\"inLanguage\":\"es\",\"potentialAction\":[{\"@type\":\"ReadAction\",\"target\":[\"https:\\\/\\\/roperpumps.com\\\/iso-certificate\\\/\"]}]},{\"@type\":\"BreadcrumbList\",\"@id\":\"https:\\\/\\\/roperpumps.com\\\/iso-certificate\\\/#breadcrumb\",\"itemListElement\":[{\"@type\":\"ListItem\",\"position\":1,\"name\":\"Home\",\"item\":\"https:\\\/\\\/roperpumps.com\\\/\"},{\"@type\":\"ListItem\",\"position\":2,\"name\":\"ISO Certificate\"}]},{\"@type\":\"WebSite\",\"@id\":\"https:\\\/\\\/roperpumps.com\\\/#website\",\"url\":\"https:\\\/\\\/roperpumps.com\\\/\",\"name\":\"Roper Pump Company\",\"description\":\"Innovative pumping solutions for your most demanding applications\",\"publisher\":{\"@id\":\"https:\\\/\\\/roperpumps.com\\\/#organization\"},\"potentialAction\":[{\"@type\":\"SearchAction\",\"target\":{\"@type\":\"EntryPoint\",\"urlTemplate\":\"https:\\\/\\\/roperpumps.com\\\/?s={search_term_string}\"},\"query-input\":{\"@type\":\"PropertyValueSpecification\",\"valueRequired\":true,\"valueName\":\"search_term_string\"}}],\"inLanguage\":\"es\"},{\"@type\":\"Organization\",\"@id\":\"https:\\\/\\\/roperpumps.com\\\/#organization\",\"name\":\"Roper Pump Company\",\"url\":\"https:\\\/\\\/roperpumps.com\\\/\",\"logo\":{\"@type\":\"ImageObject\",\"inLanguage\":\"es\",\"@id\":\"https:\\\/\\\/roperpumps.com\\\/#\\\/schema\\\/logo\\\/image\\\/\",\"url\":\"https:\\\/\\\/roperpumps.com\\\/wp-content\\\/uploads\\\/2020\\\/04\\\/Roper_Logo2.png\",\"contentUrl\":\"https:\\\/\\\/roperpumps.com\\\/wp-content\\\/uploads\\\/2020\\\/04\\\/Roper_Logo2.png\",\"width\":1089,\"height\":507,\"caption\":\"Roper Pump Company\"},\"image\":{\"@id\":\"https:\\\/\\\/roperpumps.com\\\/#\\\/schema\\\/logo\\\/image\\\/\"}}]}<\/script>\n<!-- \/ Yoast SEO plugin. -->","yoast_head_json":{"title":"ISO Certification | Roper Pump Company","description":"Roper Pump Company gets ISO 9001:2015 certification for combining reliability with outstanding customer support in pumping solutions to help drive your success.","robots":{"index":"index","follow":"follow","max-snippet":"max-snippet:-1","max-image-preview":"max-image-preview:large","max-video-preview":"max-video-preview:-1"},"canonical":"https:\/\/roperpumps.com\/es\/iso-certificate\/","og_locale":"es_MX","og_type":"article","og_title":"ISO Certification | Roper Pump Company","og_description":"Roper Pump Company gets ISO 9001:2015 certification for combining reliability with outstanding customer support in pumping solutions to help drive your success.","og_url":"https:\/\/roperpumps.com\/es\/iso-certificate\/","og_site_name":"Roper Pump Company","article_modified_time":"2024-12-13T23:04:24+00:00","twitter_card":"summary_large_image","twitter_misc":{"Tiempo de lectura":"1 minuto"},"schema":{"@context":"https:\/\/schema.org","@graph":[{"@type":"WebPage","@id":"https:\/\/roperpumps.com\/iso-certificate\/","url":"https:\/\/roperpumps.com\/iso-certificate\/","name":"ISO Certification | Roper Pump Company","isPartOf":{"@id":"https:\/\/roperpumps.com\/#website"},"datePublished":"2021-01-29T21:33:50+00:00","dateModified":"2024-12-13T23:04:24+00:00","description":"Roper Pump Company gets ISO 9001:2015 certification for combining reliability with outstanding customer support in pumping solutions to help drive your success.","breadcrumb":{"@id":"https:\/\/roperpumps.com\/iso-certificate\/#breadcrumb"},"inLanguage":"es","potentialAction":[{"@type":"ReadAction","target":["https:\/\/roperpumps.com\/iso-certificate\/"]}]},{"@type":"BreadcrumbList","@id":"https:\/\/roperpumps.com\/iso-certificate\/#breadcrumb","itemListElement":[{"@type":"ListItem","position":1,"name":"Home","item":"https:\/\/roperpumps.com\/"},{"@type":"ListItem","position":2,"name":"ISO Certificate"}]},{"@type":"WebSite","@id":"https:\/\/roperpumps.com\/#website","url":"https:\/\/roperpumps.com\/","name":"Roper Pump Company","description":"Soluciones de bombeo innovadoras para sus aplicaciones m\u00e1s exigentes","publisher":{"@id":"https:\/\/roperpumps.com\/#organization"},"potentialAction":[{"@type":"SearchAction","target":{"@type":"EntryPoint","urlTemplate":"https:\/\/roperpumps.com\/?s={search_term_string}"},"query-input":{"@type":"PropertyValueSpecification","valueRequired":true,"valueName":"search_term_string"}}],"inLanguage":"es"},{"@type":"Organization","@id":"https:\/\/roperpumps.com\/#organization","name":"Roper Pump Company","url":"https:\/\/roperpumps.com\/","logo":{"@type":"ImageObject","inLanguage":"es","@id":"https:\/\/roperpumps.com\/#\/schema\/logo\/image\/","url":"https:\/\/roperpumps.com\/wp-content\/uploads\/2020\/04\/Roper_Logo2.png","contentUrl":"https:\/\/roperpumps.com\/wp-content\/uploads\/2020\/04\/Roper_Logo2.png","width":1089,"height":507,"caption":"Roper Pump Company"},"image":{"@id":"https:\/\/roperpumps.com\/#\/schema\/logo\/image\/"}}]}},"_links":{"self":[{"href":"https:\/\/roperpumps.com\/es\/wp-json\/wp\/v2\/pages\/1573","targetHints":{"allow":["GET"]}}],"collection":[{"href":"https:\/\/roperpumps.com\/es\/wp-json\/wp\/v2\/pages"}],"about":[{"href":"https:\/\/roperpumps.com\/es\/wp-json\/wp\/v2\/types\/page"}],"author":[{"embeddable":true,"href":"https:\/\/roperpumps.com\/es\/wp-json\/wp\/v2\/users\/1"}],"replies":[{"embeddable":true,"href":"https:\/\/roperpumps.com\/es\/wp-json\/wp\/v2\/comments?post=1573"}],"version-history":[{"count":10,"href":"https:\/\/roperpumps.com\/es\/wp-json\/wp\/v2\/pages\/1573\/revisions"}],"predecessor-version":[{"id":3771,"href":"https:\/\/roperpumps.com\/es\/wp-json\/wp\/v2\/pages\/1573\/revisions\/3771"}],"wp:attachment":[{"href":"https:\/\/roperpumps.com\/es\/wp-json\/wp\/v2\/media?parent=1573"}],"curies":[{"name":"wp","href":"https:\/\/api.w.org\/{rel}","templated":true}]}}