{"id":5926,"date":"2024-04-09T14:03:30","date_gmt":"2024-04-09T14:03:30","guid":{"rendered":"https:\/\/roperpumps.com\/?page_id=5926"},"modified":"2024-10-17T02:12:08","modified_gmt":"2024-10-17T02:12:08","slug":"jet-fuel","status":"publish","type":"page","link":"https:\/\/roperpumps.com\/es\/transportation-market\/jet-fuel\/","title":{"rendered":"Combustible para aviones"},"content":{"rendered":"<div data-elementor-type=\"wp-page\" data-elementor-id=\"5926\" class=\"elementor elementor-5926\" data-elementor-post-type=\"page\">\n\t\t\t\t\t\t<section data-particle_enable=\"false\" data-particle-mobile-disabled=\"false\" class=\"elementor-section elementor-top-section elementor-element elementor-element-9f48d9e elementor-section-height-min-height elementor-section-content-bottom elementor-section-boxed elementor-section-height-default elementor-section-items-middle\" data-id=\"9f48d9e\" data-element_type=\"section\" data-e-type=\"section\" data-settings=\"{&quot;background_background&quot;:&quot;classic&quot;}\">\n\t\t\t\t\t\t<div class=\"elementor-container elementor-column-gap-default\">\n\t\t\t\t\t<div class=\"elementor-column elementor-col-100 elementor-top-column elementor-element elementor-element-ac8ad66\" data-id=\"ac8ad66\" data-element_type=\"column\" data-e-type=\"column\">\n\t\t\t<div class=\"elementor-widget-wrap elementor-element-populated\">\n\t\t\t\t\t\t<div class=\"elementor-element elementor-element-36a64b9 elementor-widget elementor-widget-heading\" data-id=\"36a64b9\" data-element_type=\"widget\" data-e-type=\"widget\" data-widget_type=\"heading.default\">\n\t\t\t\t<div class=\"elementor-widget-container\">\n\t\t\t\t\t<h2 class=\"elementor-heading-title elementor-size-default\">Transporte<\/h2>\t\t\t\t<\/div>\n\t\t\t\t<\/div>\n\t\t\t\t\t<\/div>\n\t\t<\/div>\n\t\t\t\t\t<\/div>\n\t\t<\/section>\n\t\t\t\t<section data-particle_enable=\"false\" data-particle-mobile-disabled=\"false\" class=\"elementor-section elementor-top-section elementor-element elementor-element-ea70c17 elementor-section-boxed elementor-section-height-default elementor-section-height-default\" data-id=\"ea70c17\" data-element_type=\"section\" data-e-type=\"section\">\n\t\t\t\t\t\t<div class=\"elementor-container elementor-column-gap-default\">\n\t\t\t\t\t<div class=\"elementor-column elementor-col-50 elementor-top-column elementor-element elementor-element-15b5c93\" data-id=\"15b5c93\" data-element_type=\"column\" data-e-type=\"column\">\n\t\t\t<div class=\"elementor-widget-wrap elementor-element-populated\">\n\t\t\t\t\t\t<div class=\"elementor-element elementor-element-db4809f elementor-widget elementor-widget-heading\" data-id=\"db4809f\" data-element_type=\"widget\" data-e-type=\"widget\" data-widget_type=\"heading.default\">\n\t\t\t\t<div class=\"elementor-widget-container\">\n\t\t\t\t\t<h1 class=\"elementor-heading-title elementor-size-default\">Combustible para aviones<\/h1>\t\t\t\t<\/div>\n\t\t\t\t<\/div>\n\t\t\t\t<div class=\"elementor-element elementor-element-5c46d49 elementor-widget elementor-widget-text-editor\" data-id=\"5c46d49\" data-element_type=\"widget\" data-e-type=\"widget\" data-widget_type=\"text-editor.default\">\n\t\t\t\t<div class=\"elementor-widget-container\">\n\t\t\t\t\t\t\t\t\t<p>Las bombas Roper son habituales en el transporte de combustible de aviaci\u00f3n en distintas fases del proceso. A menudo se utilizan en terminales de almacenamiento de combustible y refiner\u00edas de apoyo para transferir combustible de aviaci\u00f3n de los tanques de almacenamiento a camiones cisterna, vagones de ferrocarril o tuber\u00edas para su distribuci\u00f3n a aeropuertos o bases militares. Estas bombas tambi\u00e9n pueden instalarse en camiones de repostaje o carros hidrantes en aeropuertos para trasvasar combustible de aviaci\u00f3n de los tanques de almacenamiento a los aviones. Su fiabilidad y su capacidad para manejar distintas viscosidades hacen de las bombas de engranajes externos componentes esenciales en el transporte de combustible para aviones, garantizando operaciones de transferencia fiables a lo largo de toda la cadena de suministro.<\/p>\t\t\t\t\t\t\t\t<\/div>\n\t\t\t\t<\/div>\n\t\t\t\t<div class=\"elementor-element elementor-element-32278c4 elementor-widget elementor-widget-heading\" data-id=\"32278c4\" data-element_type=\"widget\" data-e-type=\"widget\" data-widget_type=\"heading.default\">\n\t\t\t\t<div class=\"elementor-widget-container\">\n\t\t\t\t\t<h2 class=\"elementor-heading-title elementor-size-default\">Bombas destacadas<\/h2>\t\t\t\t<\/div>\n\t\t\t\t<\/div>\n\t\t\t\t<section data-particle_enable=\"false\" data-particle-mobile-disabled=\"false\" class=\"elementor-section elementor-inner-section elementor-element elementor-element-eda819e elementor-reverse-mobile elementor-section-boxed elementor-section-height-default elementor-section-height-default\" data-id=\"eda819e\" data-element_type=\"section\" data-e-type=\"section\" data-settings=\"{&quot;background_background&quot;:&quot;classic&quot;}\">\n\t\t\t\t\t\t<div class=\"elementor-container elementor-column-gap-default\">\n\t\t\t\t\t<div class=\"elementor-column elementor-col-50 elementor-inner-column elementor-element elementor-element-8a25afc\" data-id=\"8a25afc\" data-element_type=\"column\" data-e-type=\"column\" data-settings=\"{&quot;background_background&quot;:&quot;classic&quot;}\">\n\t\t\t<div class=\"elementor-widget-wrap elementor-element-populated\">\n\t\t\t\t\t\t<div class=\"elementor-element elementor-element-4463b0d elementor-widget elementor-widget-heading\" data-id=\"4463b0d\" data-element_type=\"widget\" data-e-type=\"widget\" data-widget_type=\"heading.default\">\n\t\t\t\t<div class=\"elementor-widget-container\">\n\t\t\t\t\t<h2 class=\"elementor-heading-title elementor-size-default\">Serie 3600<\/h2>\t\t\t\t<\/div>\n\t\t\t\t<\/div>\n\t\t\t\t<div class=\"elementor-element elementor-element-f67093a elementor-widget elementor-widget-text-editor\" data-id=\"f67093a\" data-element_type=\"widget\" data-e-type=\"widget\" data-widget_type=\"text-editor.default\">\n\t\t\t\t<div class=\"elementor-widget-container\">\n\t\t\t\t\t\t\t\t\t<ul><li class=\"ewa-rteLine\">Hasta 468 GPM - Hasta 125 PSI<\/li><li class=\"ewa-rteLine\">Varios tama\u00f1os<\/li><li class=\"ewa-rteLine\">Opciones de sellado\/empaquetado: configurables<\/li><li class=\"ewa-rteLine\">Internos endurecidos<\/li><\/ul>\t\t\t\t\t\t\t\t<\/div>\n\t\t\t\t<\/div>\n\t\t\t\t\t<\/div>\n\t\t<\/div>\n\t\t\t\t<div class=\"elementor-column elementor-col-50 elementor-inner-column elementor-element elementor-element-2b7112f\" data-id=\"2b7112f\" data-element_type=\"column\" data-e-type=\"column\">\n\t\t\t<div class=\"elementor-widget-wrap elementor-element-populated\">\n\t\t\t\t\t\t<div class=\"elementor-element elementor-element-18ecc1c elementor-widget elementor-widget-image\" data-id=\"18ecc1c\" data-element_type=\"widget\" data-e-type=\"widget\" data-widget_type=\"image.default\">\n\t\t\t\t<div class=\"elementor-widget-container\">\n\t\t\t\t\t\t\t\t\t\t\t\t\t\t\t<img fetchpriority=\"high\" decoding=\"async\" width=\"1024\" height=\"731\" src=\"https:\/\/roperpumps.com\/wp-content\/uploads\/2020\/11\/3600-1024x731.png\" class=\"attachment-large size-large wp-image-768\" alt=\"3600 Series Pump\" srcset=\"https:\/\/roperpumps.com\/wp-content\/uploads\/2020\/11\/3600-1024x731.png 1024w, https:\/\/roperpumps.com\/wp-content\/uploads\/2020\/11\/3600-300x214.png 300w, https:\/\/roperpumps.com\/wp-content\/uploads\/2020\/11\/3600-768x549.png 768w, https:\/\/roperpumps.com\/wp-content\/uploads\/2020\/11\/3600-1536x1097.png 1536w, https:\/\/roperpumps.com\/wp-content\/uploads\/2020\/11\/3600-2048x1463.png 2048w, https:\/\/roperpumps.com\/wp-content\/uploads\/2020\/11\/3600-e1604496837351.png 1000w\" sizes=\"(max-width: 1024px) 100vw, 1024px\" \/>\t\t\t\t\t\t\t\t\t\t\t\t\t\t\t<\/div>\n\t\t\t\t<\/div>\n\t\t\t\t<div class=\"elementor-element elementor-element-1ef76ba elementor-align-center elementor-widget elementor-widget-button\" data-id=\"1ef76ba\" data-element_type=\"widget\" data-e-type=\"widget\" data-widget_type=\"button.default\">\n\t\t\t\t<div class=\"elementor-widget-container\">\n\t\t\t\t\t\t\t\t\t<div class=\"elementor-button-wrapper\">\n\t\t\t\t\t<a class=\"elementor-button elementor-button-link elementor-size-sm\" href=\"https:\/\/vx3.856.myftpupload.com\/3600-2\/\">\n\t\t\t\t\t\t<span class=\"elementor-button-content-wrapper\">\n\t\t\t\t\t\t\t\t\t<span class=\"elementor-button-text\">Visitar la p\u00e1gina de la bomba<\/span>\n\t\t\t\t\t<\/span>\n\t\t\t\t\t<\/a>\n\t\t\t\t<\/div>\n\t\t\t\t\t\t\t\t<\/div>\n\t\t\t\t<\/div>\n\t\t\t\t\t<\/div>\n\t\t<\/div>\n\t\t\t\t\t<\/div>\n\t\t<\/section>\n\t\t\t\t<section data-particle_enable=\"false\" data-particle-mobile-disabled=\"false\" class=\"elementor-section elementor-inner-section elementor-element elementor-element-2fc463f elementor-reverse-mobile elementor-section-boxed elementor-section-height-default elementor-section-height-default\" data-id=\"2fc463f\" data-element_type=\"section\" data-e-type=\"section\" data-settings=\"{&quot;background_background&quot;:&quot;classic&quot;}\">\n\t\t\t\t\t\t<div class=\"elementor-container elementor-column-gap-default\">\n\t\t\t\t\t<div class=\"elementor-column elementor-col-50 elementor-inner-column elementor-element elementor-element-e5e17ef\" data-id=\"e5e17ef\" data-element_type=\"column\" data-e-type=\"column\" data-settings=\"{&quot;background_background&quot;:&quot;classic&quot;}\">\n\t\t\t<div class=\"elementor-widget-wrap elementor-element-populated\">\n\t\t\t\t\t\t<div class=\"elementor-element elementor-element-5046753 elementor-widget elementor-widget-heading\" data-id=\"5046753\" data-element_type=\"widget\" data-e-type=\"widget\" data-widget_type=\"heading.default\">\n\t\t\t\t<div class=\"elementor-widget-container\">\n\t\t\t\t\t<h2 class=\"elementor-heading-title elementor-size-default\">Serie eX<\/h2>\t\t\t\t<\/div>\n\t\t\t\t<\/div>\n\t\t\t\t<div class=\"elementor-element elementor-element-960c304 elementor-widget elementor-widget-text-editor\" data-id=\"960c304\" data-element_type=\"widget\" data-e-type=\"widget\" data-widget_type=\"text-editor.default\">\n\t\t\t\t<div class=\"elementor-widget-container\">\n\t\t\t\t\t\t\t\t\t<ul><li class=\"ewa-rteLine\">Caudales m\u00e1ximos<\/li><li class=\"ewa-rteLine\">Caudal de hasta 585 GPM para el tama\u00f1o 65<\/li><li class=\"ewa-rteLine\">Caudal de hasta 468 GPM para el tama\u00f1o 48<\/li><li class=\"ewa-rteLine\">Ideal para aplicaciones abrasivas<\/li><li class=\"ewa-rteLine\">Internos endurecidos<\/li><li class=\"ewa-rteLine\">Opciones de sellado configurables<\/li><li class=\"ewa-rteLine\">Compatible con varios discos<\/li><\/ul>\t\t\t\t\t\t\t\t<\/div>\n\t\t\t\t<\/div>\n\t\t\t\t\t<\/div>\n\t\t<\/div>\n\t\t\t\t<div class=\"elementor-column elementor-col-50 elementor-inner-column elementor-element elementor-element-b2a090e\" data-id=\"b2a090e\" data-element_type=\"column\" data-e-type=\"column\">\n\t\t\t<div class=\"elementor-widget-wrap elementor-element-populated\">\n\t\t\t\t\t\t<div class=\"elementor-element elementor-element-20ca820 elementor-widget elementor-widget-image\" data-id=\"20ca820\" data-element_type=\"widget\" data-e-type=\"widget\" data-widget_type=\"image.default\">\n\t\t\t\t<div class=\"elementor-widget-container\">\n\t\t\t\t\t\t\t\t\t\t\t\t\t\t\t<img decoding=\"async\" width=\"1024\" height=\"525\" src=\"https:\/\/roperpumps.com\/wp-content\/uploads\/2023\/09\/3265HBFRV-CUTAWAY_transparent-1024x525.png\" class=\"attachment-large size-large wp-image-5183\" alt=\"3600 Series Gear Pumps\" srcset=\"https:\/\/roperpumps.com\/wp-content\/uploads\/2023\/09\/3265HBFRV-CUTAWAY_transparent-1024x525.png 1024w, https:\/\/roperpumps.com\/wp-content\/uploads\/2023\/09\/3265HBFRV-CUTAWAY_transparent-300x154.png 300w, https:\/\/roperpumps.com\/wp-content\/uploads\/2023\/09\/3265HBFRV-CUTAWAY_transparent-768x394.png 768w, https:\/\/roperpumps.com\/wp-content\/uploads\/2023\/09\/3265HBFRV-CUTAWAY_transparent.png 1328w\" sizes=\"(max-width: 1024px) 100vw, 1024px\" \/>\t\t\t\t\t\t\t\t\t\t\t\t\t\t\t<\/div>\n\t\t\t\t<\/div>\n\t\t\t\t<div class=\"elementor-element elementor-element-ff187ad elementor-align-center elementor-widget elementor-widget-button\" data-id=\"ff187ad\" data-element_type=\"widget\" data-e-type=\"widget\" data-widget_type=\"button.default\">\n\t\t\t\t<div class=\"elementor-widget-container\">\n\t\t\t\t\t\t\t\t\t<div class=\"elementor-button-wrapper\">\n\t\t\t\t\t<a class=\"elementor-button elementor-button-link elementor-size-sm\" href=\"https:\/\/vx3.856.myftpupload.com\/ex-series\/\">\n\t\t\t\t\t\t<span class=\"elementor-button-content-wrapper\">\n\t\t\t\t\t\t\t\t\t<span class=\"elementor-button-text\">Visitar la p\u00e1gina de la bomba<\/span>\n\t\t\t\t\t<\/span>\n\t\t\t\t\t<\/a>\n\t\t\t\t<\/div>\n\t\t\t\t\t\t\t\t<\/div>\n\t\t\t\t<\/div>\n\t\t\t\t\t<\/div>\n\t\t<\/div>\n\t\t\t\t\t<\/div>\n\t\t<\/section>\n\t\t\t\t\t<\/div>\n\t\t<\/div>\n\t\t\t\t<div class=\"elementor-column elementor-col-50 elementor-top-column elementor-element elementor-element-211e858\" data-id=\"211e858\" data-element_type=\"column\" data-e-type=\"column\">\n\t\t\t<div class=\"elementor-widget-wrap elementor-element-populated\">\n\t\t\t\t\t\t<div class=\"elementor-element elementor-element-19b5a35 elementor-widget elementor-widget-html\" data-id=\"19b5a35\" data-element_type=\"widget\" data-e-type=\"widget\" data-widget_type=\"html.default\">\n\t\t\t\t<div class=\"elementor-widget-container\">\n\t\t\t\t\t<div class=\"pipedriveWebForms\" data-pd-webforms=\"https:\/\/webforms.pipedrive.com\/f\/6zdOUqEe1BVsnGp0SPIAp2NwyJrP4UfpKVwa1u5rd5Oc0ovF7D9BdnfK19aFCOEdIT\"><script src=\"https:\/\/webforms.pipedrive.com\/f\/loader\"><\/script><\/div>\t\t\t\t<\/div>\n\t\t\t\t<\/div>\n\t\t\t\t\t<\/div>\n\t\t<\/div>\n\t\t\t\t\t<\/div>\n\t\t<\/section>\n\t\t\t\t<\/div>","protected":false},"excerpt":{"rendered":"<p>Transportation Jet Fuel Roper pumps are commonly found in the transportation of jet fuel at different stages of the process. They are often utilized at fuel storage terminals and supporting refineries to transfer jet fuel from storage tanks to tanker trucks, railcars, or pipelines for distribution to airports or military bases. These pumps may also [&hellip;]<\/p>\n","protected":false},"author":10,"featured_media":0,"parent":6134,"menu_order":0,"comment_status":"closed","ping_status":"closed","template":"elementor_header_footer","meta":{"content-type":"","site-sidebar-layout":"no-sidebar","site-content-layout":"page-builder","ast-site-content-layout":"full-width-container","site-content-style":"default","site-sidebar-style":"default","ast-global-header-display":"","ast-banner-title-visibility":"","ast-main-header-display":"","ast-hfb-above-header-display":"","ast-hfb-below-header-display":"","ast-hfb-mobile-header-display":"","site-post-title":"disabled","ast-breadcrumbs-content":"","ast-featured-img":"disabled","footer-sml-layout":"","ast-disable-related-posts":"","theme-transparent-header-meta":"","adv-header-id-meta":"","stick-header-meta":"","header-above-stick-meta":"","header-main-stick-meta":"","header-below-stick-meta":"","astra-migrate-meta-layouts":"set","ast-page-background-enabled":"default","ast-page-background-meta":{"desktop":{"background-color":"var(--ast-global-color-4)","background-image":"","background-repeat":"repeat","background-position":"center center","background-size":"auto","background-attachment":"scroll","background-type":"","background-media":"","overlay-type":"","overlay-color":"","overlay-opacity":"","overlay-gradient":""},"tablet":{"background-color":"","background-image":"","background-repeat":"repeat","background-position":"center center","background-size":"auto","background-attachment":"scroll","background-type":"","background-media":"","overlay-type":"","overlay-color":"","overlay-opacity":"","overlay-gradient":""},"mobile":{"background-color":"","background-image":"","background-repeat":"repeat","background-position":"center center","background-size":"auto","background-attachment":"scroll","background-type":"","background-media":"","overlay-type":"","overlay-color":"","overlay-opacity":"","overlay-gradient":""}},"ast-content-background-meta":{"desktop":{"background-color":"var(--ast-global-color-5)","background-image":"","background-repeat":"repeat","background-position":"center center","background-size":"auto","background-attachment":"scroll","background-type":"","background-media":"","overlay-type":"","overlay-color":"","overlay-opacity":"","overlay-gradient":""},"tablet":{"background-color":"var(--ast-global-color-5)","background-image":"","background-repeat":"repeat","background-position":"center center","background-size":"auto","background-attachment":"scroll","background-type":"","background-media":"","overlay-type":"","overlay-color":"","overlay-opacity":"","overlay-gradient":""},"mobile":{"background-color":"var(--ast-global-color-5)","background-image":"","background-repeat":"repeat","background-position":"center center","background-size":"auto","background-attachment":"scroll","background-type":"","background-media":"","overlay-type":"","overlay-color":"","overlay-opacity":"","overlay-gradient":""}},"footnotes":""},"class_list":["post-5926","page","type-page","status-publish","hentry"],"yoast_head":"<!-- This site is optimized with the Yoast SEO plugin v27.5 - https:\/\/yoast.com\/product\/yoast-seo-wordpress\/ -->\n<title>Jet Fuel Transportation | Roper Pump Company<\/title>\n<meta name=\"description\" content=\"Explore the importance of Roper pumps in the transportation of jet fuel, from terminals to aircraft. Learn about how these pumps are utilized in transfer operations.\" \/>\n<meta name=\"robots\" content=\"index, follow, max-snippet:-1, max-image-preview:large, max-video-preview:-1\" \/>\n<link rel=\"canonical\" href=\"https:\/\/roperpumps.com\/es\/transportation-market\/jet-fuel\/\" \/>\n<meta property=\"og:locale\" content=\"es_MX\" \/>\n<meta property=\"og:type\" content=\"article\" \/>\n<meta property=\"og:title\" content=\"Jet Fuel Transportation | Roper Pump Company\" \/>\n<meta property=\"og:description\" content=\"Explore the importance of Roper pumps in the transportation of jet fuel, from terminals to aircraft. Learn about how these pumps are utilized in transfer operations.\" \/>\n<meta property=\"og:url\" content=\"https:\/\/roperpumps.com\/es\/transportation-market\/jet-fuel\/\" \/>\n<meta property=\"og:site_name\" content=\"Roper Pump Company\" \/>\n<meta property=\"article:modified_time\" content=\"2024-10-17T02:12:08+00:00\" \/>\n<meta property=\"og:image\" content=\"https:\/\/roperpumps.com\/wp-content\/uploads\/2020\/11\/3600-1024x731.png\" \/>\n<meta name=\"twitter:card\" content=\"summary_large_image\" \/>\n<meta name=\"twitter:label1\" content=\"Tiempo de lectura\" \/>\n\t<meta name=\"twitter:data1\" content=\"2 minutos\" \/>\n<script type=\"application\/ld+json\" class=\"yoast-schema-graph\">{\"@context\":\"https:\\\/\\\/schema.org\",\"@graph\":[{\"@type\":\"WebPage\",\"@id\":\"https:\\\/\\\/roperpumps.com\\\/transportation-market\\\/jet-fuel\\\/\",\"url\":\"https:\\\/\\\/roperpumps.com\\\/transportation-market\\\/jet-fuel\\\/\",\"name\":\"Jet Fuel Transportation | Roper Pump Company\",\"isPartOf\":{\"@id\":\"https:\\\/\\\/roperpumps.com\\\/#website\"},\"primaryImageOfPage\":{\"@id\":\"https:\\\/\\\/roperpumps.com\\\/transportation-market\\\/jet-fuel\\\/#primaryimage\"},\"image\":{\"@id\":\"https:\\\/\\\/roperpumps.com\\\/transportation-market\\\/jet-fuel\\\/#primaryimage\"},\"thumbnailUrl\":\"https:\\\/\\\/roperpumps.com\\\/wp-content\\\/uploads\\\/2020\\\/11\\\/3600-1024x731.png\",\"datePublished\":\"2024-04-09T14:03:30+00:00\",\"dateModified\":\"2024-10-17T02:12:08+00:00\",\"description\":\"Explore the importance of Roper pumps in the transportation of jet fuel, from terminals to aircraft. Learn about how these pumps are utilized in transfer operations.\",\"breadcrumb\":{\"@id\":\"https:\\\/\\\/roperpumps.com\\\/transportation-market\\\/jet-fuel\\\/#breadcrumb\"},\"inLanguage\":\"es\",\"potentialAction\":[{\"@type\":\"ReadAction\",\"target\":[\"https:\\\/\\\/roperpumps.com\\\/transportation-market\\\/jet-fuel\\\/\"]}]},{\"@type\":\"ImageObject\",\"inLanguage\":\"es\",\"@id\":\"https:\\\/\\\/roperpumps.com\\\/transportation-market\\\/jet-fuel\\\/#primaryimage\",\"url\":\"https:\\\/\\\/roperpumps.com\\\/wp-content\\\/uploads\\\/2020\\\/11\\\/3600-1024x731.png\",\"contentUrl\":\"https:\\\/\\\/roperpumps.com\\\/wp-content\\\/uploads\\\/2020\\\/11\\\/3600-1024x731.png\"},{\"@type\":\"BreadcrumbList\",\"@id\":\"https:\\\/\\\/roperpumps.com\\\/transportation-market\\\/jet-fuel\\\/#breadcrumb\",\"itemListElement\":[{\"@type\":\"ListItem\",\"position\":1,\"name\":\"Home\",\"item\":\"https:\\\/\\\/roperpumps.com\\\/\"},{\"@type\":\"ListItem\",\"position\":2,\"name\":\"Transportation Market\",\"item\":\"https:\\\/\\\/roperpumps.com\\\/es\\\/transportation-market\\\/\"},{\"@type\":\"ListItem\",\"position\":3,\"name\":\"Jet Fuel\"}]},{\"@type\":\"WebSite\",\"@id\":\"https:\\\/\\\/roperpumps.com\\\/#website\",\"url\":\"https:\\\/\\\/roperpumps.com\\\/\",\"name\":\"Roper Pump Company\",\"description\":\"Innovative pumping solutions for your most demanding applications\",\"publisher\":{\"@id\":\"https:\\\/\\\/roperpumps.com\\\/#organization\"},\"potentialAction\":[{\"@type\":\"SearchAction\",\"target\":{\"@type\":\"EntryPoint\",\"urlTemplate\":\"https:\\\/\\\/roperpumps.com\\\/?s={search_term_string}\"},\"query-input\":{\"@type\":\"PropertyValueSpecification\",\"valueRequired\":true,\"valueName\":\"search_term_string\"}}],\"inLanguage\":\"es\"},{\"@type\":\"Organization\",\"@id\":\"https:\\\/\\\/roperpumps.com\\\/#organization\",\"name\":\"Roper Pump Company\",\"url\":\"https:\\\/\\\/roperpumps.com\\\/\",\"logo\":{\"@type\":\"ImageObject\",\"inLanguage\":\"es\",\"@id\":\"https:\\\/\\\/roperpumps.com\\\/#\\\/schema\\\/logo\\\/image\\\/\",\"url\":\"https:\\\/\\\/roperpumps.com\\\/wp-content\\\/uploads\\\/2020\\\/04\\\/Roper_Logo2.png\",\"contentUrl\":\"https:\\\/\\\/roperpumps.com\\\/wp-content\\\/uploads\\\/2020\\\/04\\\/Roper_Logo2.png\",\"width\":1089,\"height\":507,\"caption\":\"Roper Pump Company\"},\"image\":{\"@id\":\"https:\\\/\\\/roperpumps.com\\\/#\\\/schema\\\/logo\\\/image\\\/\"}}]}<\/script>\n<!-- \/ Yoast SEO plugin. -->","yoast_head_json":{"title":"Jet Fuel Transportation | Roper Pump Company","description":"Explore the importance of Roper pumps in the transportation of jet fuel, from terminals to aircraft. Learn about how these pumps are utilized in transfer operations.","robots":{"index":"index","follow":"follow","max-snippet":"max-snippet:-1","max-image-preview":"max-image-preview:large","max-video-preview":"max-video-preview:-1"},"canonical":"https:\/\/roperpumps.com\/es\/transportation-market\/jet-fuel\/","og_locale":"es_MX","og_type":"article","og_title":"Jet Fuel Transportation | Roper Pump Company","og_description":"Explore the importance of Roper pumps in the transportation of jet fuel, from terminals to aircraft. Learn about how these pumps are utilized in transfer operations.","og_url":"https:\/\/roperpumps.com\/es\/transportation-market\/jet-fuel\/","og_site_name":"Roper Pump Company","article_modified_time":"2024-10-17T02:12:08+00:00","og_image":[{"url":"https:\/\/roperpumps.com\/wp-content\/uploads\/2020\/11\/3600-1024x731.png","type":"","width":"","height":""}],"twitter_card":"summary_large_image","twitter_misc":{"Tiempo de lectura":"2 minutos"},"schema":{"@context":"https:\/\/schema.org","@graph":[{"@type":"WebPage","@id":"https:\/\/roperpumps.com\/transportation-market\/jet-fuel\/","url":"https:\/\/roperpumps.com\/transportation-market\/jet-fuel\/","name":"Jet Fuel Transportation | Roper Pump Company","isPartOf":{"@id":"https:\/\/roperpumps.com\/#website"},"primaryImageOfPage":{"@id":"https:\/\/roperpumps.com\/transportation-market\/jet-fuel\/#primaryimage"},"image":{"@id":"https:\/\/roperpumps.com\/transportation-market\/jet-fuel\/#primaryimage"},"thumbnailUrl":"https:\/\/roperpumps.com\/wp-content\/uploads\/2020\/11\/3600-1024x731.png","datePublished":"2024-04-09T14:03:30+00:00","dateModified":"2024-10-17T02:12:08+00:00","description":"Explore the importance of Roper pumps in the transportation of jet fuel, from terminals to aircraft. Learn about how these pumps are utilized in transfer operations.","breadcrumb":{"@id":"https:\/\/roperpumps.com\/transportation-market\/jet-fuel\/#breadcrumb"},"inLanguage":"es","potentialAction":[{"@type":"ReadAction","target":["https:\/\/roperpumps.com\/transportation-market\/jet-fuel\/"]}]},{"@type":"ImageObject","inLanguage":"es","@id":"https:\/\/roperpumps.com\/transportation-market\/jet-fuel\/#primaryimage","url":"https:\/\/roperpumps.com\/wp-content\/uploads\/2020\/11\/3600-1024x731.png","contentUrl":"https:\/\/roperpumps.com\/wp-content\/uploads\/2020\/11\/3600-1024x731.png"},{"@type":"BreadcrumbList","@id":"https:\/\/roperpumps.com\/transportation-market\/jet-fuel\/#breadcrumb","itemListElement":[{"@type":"ListItem","position":1,"name":"Home","item":"https:\/\/roperpumps.com\/"},{"@type":"ListItem","position":2,"name":"Transportation Market","item":"https:\/\/roperpumps.com\/es\/transportation-market\/"},{"@type":"ListItem","position":3,"name":"Jet Fuel"}]},{"@type":"WebSite","@id":"https:\/\/roperpumps.com\/#website","url":"https:\/\/roperpumps.com\/","name":"Roper Pump Company","description":"Soluciones de bombeo innovadoras para sus aplicaciones m\u00e1s exigentes","publisher":{"@id":"https:\/\/roperpumps.com\/#organization"},"potentialAction":[{"@type":"SearchAction","target":{"@type":"EntryPoint","urlTemplate":"https:\/\/roperpumps.com\/?s={search_term_string}"},"query-input":{"@type":"PropertyValueSpecification","valueRequired":true,"valueName":"search_term_string"}}],"inLanguage":"es"},{"@type":"Organization","@id":"https:\/\/roperpumps.com\/#organization","name":"Roper Pump Company","url":"https:\/\/roperpumps.com\/","logo":{"@type":"ImageObject","inLanguage":"es","@id":"https:\/\/roperpumps.com\/#\/schema\/logo\/image\/","url":"https:\/\/roperpumps.com\/wp-content\/uploads\/2020\/04\/Roper_Logo2.png","contentUrl":"https:\/\/roperpumps.com\/wp-content\/uploads\/2020\/04\/Roper_Logo2.png","width":1089,"height":507,"caption":"Roper Pump Company"},"image":{"@id":"https:\/\/roperpumps.com\/#\/schema\/logo\/image\/"}}]}},"_links":{"self":[{"href":"https:\/\/roperpumps.com\/es\/wp-json\/wp\/v2\/pages\/5926","targetHints":{"allow":["GET"]}}],"collection":[{"href":"https:\/\/roperpumps.com\/es\/wp-json\/wp\/v2\/pages"}],"about":[{"href":"https:\/\/roperpumps.com\/es\/wp-json\/wp\/v2\/types\/page"}],"author":[{"embeddable":true,"href":"https:\/\/roperpumps.com\/es\/wp-json\/wp\/v2\/users\/10"}],"replies":[{"embeddable":true,"href":"https:\/\/roperpumps.com\/es\/wp-json\/wp\/v2\/comments?post=5926"}],"version-history":[{"count":10,"href":"https:\/\/roperpumps.com\/es\/wp-json\/wp\/v2\/pages\/5926\/revisions"}],"predecessor-version":[{"id":9483,"href":"https:\/\/roperpumps.com\/es\/wp-json\/wp\/v2\/pages\/5926\/revisions\/9483"}],"up":[{"embeddable":true,"href":"https:\/\/roperpumps.com\/es\/wp-json\/wp\/v2\/pages\/6134"}],"wp:attachment":[{"href":"https:\/\/roperpumps.com\/es\/wp-json\/wp\/v2\/media?parent=5926"}],"curies":[{"name":"wp","href":"https:\/\/api.w.org\/{rel}","templated":true}]}}