{"id":6106,"date":"2024-04-09T18:36:43","date_gmt":"2024-04-09T18:36:43","guid":{"rendered":"https:\/\/roperpumps.com\/?page_id=6106"},"modified":"2024-10-17T23:15:54","modified_gmt":"2024-10-17T23:15:54","slug":"lubrication-pumps","status":"publish","type":"page","link":"https:\/\/roperpumps.com\/es\/oil-gas-market\/lubrication-pumps\/","title":{"rendered":"Bombas de lubricaci\u00f3n"},"content":{"rendered":"<div data-elementor-type=\"wp-page\" data-elementor-id=\"6106\" class=\"elementor elementor-6106\" data-elementor-post-type=\"page\">\n\t\t\t\t\t\t<section data-particle_enable=\"false\" data-particle-mobile-disabled=\"false\" class=\"elementor-section elementor-top-section elementor-element elementor-element-9f48d9e elementor-section-height-min-height elementor-section-content-bottom elementor-section-boxed elementor-section-height-default elementor-section-items-middle\" data-id=\"9f48d9e\" data-element_type=\"section\" data-e-type=\"section\" data-settings=\"{&quot;background_background&quot;:&quot;classic&quot;}\">\n\t\t\t\t\t\t<div class=\"elementor-container elementor-column-gap-default\">\n\t\t\t\t\t<div class=\"elementor-column elementor-col-100 elementor-top-column elementor-element elementor-element-ac8ad66\" data-id=\"ac8ad66\" data-element_type=\"column\" data-e-type=\"column\">\n\t\t\t<div class=\"elementor-widget-wrap elementor-element-populated\">\n\t\t\t\t\t\t<div class=\"elementor-element elementor-element-36a64b9 elementor-widget elementor-widget-heading\" data-id=\"36a64b9\" data-element_type=\"widget\" data-e-type=\"widget\" data-widget_type=\"heading.default\">\n\t\t\t\t<div class=\"elementor-widget-container\">\n\t\t\t\t\t<h2 class=\"elementor-heading-title elementor-size-default\">Petr\u00f3leo y gas<\/h2>\t\t\t\t<\/div>\n\t\t\t\t<\/div>\n\t\t\t\t\t<\/div>\n\t\t<\/div>\n\t\t\t\t\t<\/div>\n\t\t<\/section>\n\t\t\t\t<section data-particle_enable=\"false\" data-particle-mobile-disabled=\"false\" class=\"elementor-section elementor-top-section elementor-element elementor-element-ea70c17 elementor-section-boxed elementor-section-height-default elementor-section-height-default\" data-id=\"ea70c17\" data-element_type=\"section\" data-e-type=\"section\">\n\t\t\t\t\t\t<div class=\"elementor-container elementor-column-gap-default\">\n\t\t\t\t\t<div class=\"elementor-column elementor-col-50 elementor-top-column elementor-element elementor-element-15b5c93\" data-id=\"15b5c93\" data-element_type=\"column\" data-e-type=\"column\">\n\t\t\t<div class=\"elementor-widget-wrap elementor-element-populated\">\n\t\t\t\t\t\t<div class=\"elementor-element elementor-element-db4809f elementor-widget elementor-widget-heading\" data-id=\"db4809f\" data-element_type=\"widget\" data-e-type=\"widget\" data-widget_type=\"heading.default\">\n\t\t\t\t<div class=\"elementor-widget-container\">\n\t\t\t\t\t<h1 class=\"elementor-heading-title elementor-size-default\">Bombas de lubricaci\u00f3n<\/h1>\t\t\t\t<\/div>\n\t\t\t\t<\/div>\n\t\t\t\t<div class=\"elementor-element elementor-element-5c46d49 elementor-widget elementor-widget-text-editor\" data-id=\"5c46d49\" data-element_type=\"widget\" data-e-type=\"widget\" data-widget_type=\"text-editor.default\">\n\t\t\t\t<div class=\"elementor-widget-container\">\n\t\t\t\t\t\t\t\t\t<p>Las bombas Roper sirven como bombas de lubricaci\u00f3n en los mercados del petr\u00f3leo y el gas al suministrar lubricantes de forma eficaz a diversos componentes de la maquinaria y los equipos. Estas bombas se utilizan para garantizar la lubricaci\u00f3n adecuada de piezas cr\u00edticas como cojinetes, engranajes y juntas en bombas, compresores, motores y otra maquinaria industrial. Al mantener unos niveles de lubricaci\u00f3n adecuados, las bombas de engranajes externos ayudan a reducir la fricci\u00f3n, el calor y el desgaste, prolongando as\u00ed la vida \u00fatil y mejorando la eficiencia de los equipos de la industria del petr\u00f3leo y el gas.<\/p>\t\t\t\t\t\t\t\t<\/div>\n\t\t\t\t<\/div>\n\t\t\t\t<div class=\"elementor-element elementor-element-32278c4 elementor-widget elementor-widget-heading\" data-id=\"32278c4\" data-element_type=\"widget\" data-e-type=\"widget\" data-widget_type=\"heading.default\">\n\t\t\t\t<div class=\"elementor-widget-container\">\n\t\t\t\t\t<h2 class=\"elementor-heading-title elementor-size-default\">Bombas destacadas<\/h2>\t\t\t\t<\/div>\n\t\t\t\t<\/div>\n\t\t\t\t<section data-particle_enable=\"false\" data-particle-mobile-disabled=\"false\" class=\"elementor-section elementor-inner-section elementor-element elementor-element-e6a18e7 elementor-reverse-mobile elementor-section-boxed elementor-section-height-default elementor-section-height-default\" data-id=\"e6a18e7\" data-element_type=\"section\" data-e-type=\"section\" data-settings=\"{&quot;background_background&quot;:&quot;classic&quot;}\">\n\t\t\t\t\t\t<div class=\"elementor-container elementor-column-gap-default\">\n\t\t\t\t\t<div class=\"elementor-column elementor-col-50 elementor-inner-column elementor-element elementor-element-99f693d\" data-id=\"99f693d\" data-element_type=\"column\" data-e-type=\"column\" data-settings=\"{&quot;background_background&quot;:&quot;classic&quot;}\">\n\t\t\t<div class=\"elementor-widget-wrap elementor-element-populated\">\n\t\t\t\t\t\t<div class=\"elementor-element elementor-element-ee40e8f elementor-widget elementor-widget-heading\" data-id=\"ee40e8f\" data-element_type=\"widget\" data-e-type=\"widget\" data-widget_type=\"heading.default\">\n\t\t\t\t<div class=\"elementor-widget-container\">\n\t\t\t\t\t<h2 class=\"elementor-heading-title elementor-size-default\">Serie A<\/h2>\t\t\t\t<\/div>\n\t\t\t\t<\/div>\n\t\t\t\t<div class=\"elementor-element elementor-element-266588c elementor-widget elementor-widget-text-editor\" data-id=\"266588c\" data-element_type=\"widget\" data-e-type=\"widget\" data-widget_type=\"text-editor.default\">\n\t\t\t\t<div class=\"elementor-widget-container\">\n\t\t\t\t\t\t\t\t\t<ul><li class=\"ewa-rteLine\">Hasta 75,6 GPM - Hasta 300 PSI<\/li><li class=\"ewa-rteLine\">12 tallas disponibles<\/li><li class=\"ewa-rteLine\">Opciones configurables de sellado\/empaquetado<\/li><li class=\"ewa-rteLine\">Opci\u00f3n de acoplamiento compacto<\/li><li class=\"ewa-rteLine\">Ideal para aplicaciones gruesas y crudas<\/li><\/ul>\t\t\t\t\t\t\t\t<\/div>\n\t\t\t\t<\/div>\n\t\t\t\t\t<\/div>\n\t\t<\/div>\n\t\t\t\t<div class=\"elementor-column elementor-col-50 elementor-inner-column elementor-element elementor-element-c3c2ef8\" data-id=\"c3c2ef8\" data-element_type=\"column\" data-e-type=\"column\">\n\t\t\t<div class=\"elementor-widget-wrap elementor-element-populated\">\n\t\t\t\t\t\t<div class=\"elementor-element elementor-element-3fc198f elementor-widget elementor-widget-image\" data-id=\"3fc198f\" data-element_type=\"widget\" data-e-type=\"widget\" data-widget_type=\"image.default\">\n\t\t\t\t<div class=\"elementor-widget-container\">\n\t\t\t\t\t\t\t\t\t\t\t\t\t\t\t<img fetchpriority=\"high\" decoding=\"async\" width=\"1024\" height=\"731\" src=\"https:\/\/roperpumps.com\/wp-content\/uploads\/2024\/04\/A-Series-1024x731.png\" class=\"attachment-large size-large wp-image-5880\" alt=\"A series pump\" srcset=\"https:\/\/roperpumps.com\/wp-content\/uploads\/2024\/04\/A-Series-1024x731.png 1024w, https:\/\/roperpumps.com\/wp-content\/uploads\/2024\/04\/A-Series-300x214.png 300w, https:\/\/roperpumps.com\/wp-content\/uploads\/2024\/04\/A-Series-768x549.png 768w, https:\/\/roperpumps.com\/wp-content\/uploads\/2024\/04\/A-Series-1536x1097.png 1536w, https:\/\/roperpumps.com\/wp-content\/uploads\/2024\/04\/A-Series-2048x1463.png 2048w\" sizes=\"(max-width: 1024px) 100vw, 1024px\" \/>\t\t\t\t\t\t\t\t\t\t\t\t\t\t\t<\/div>\n\t\t\t\t<\/div>\n\t\t\t\t<div class=\"elementor-element elementor-element-3bd8e29 elementor-align-center elementor-widget elementor-widget-button\" data-id=\"3bd8e29\" data-element_type=\"widget\" data-e-type=\"widget\" data-widget_type=\"button.default\">\n\t\t\t\t<div class=\"elementor-widget-container\">\n\t\t\t\t\t\t\t\t\t<div class=\"elementor-button-wrapper\">\n\t\t\t\t\t<a class=\"elementor-button elementor-button-link elementor-size-sm\" href=\"https:\/\/vx3.856.myftpupload.com\/a-series\/\">\n\t\t\t\t\t\t<span class=\"elementor-button-content-wrapper\">\n\t\t\t\t\t\t\t\t\t<span class=\"elementor-button-text\">Visitar la p\u00e1gina de la bomba<\/span>\n\t\t\t\t\t<\/span>\n\t\t\t\t\t<\/a>\n\t\t\t\t<\/div>\n\t\t\t\t\t\t\t\t<\/div>\n\t\t\t\t<\/div>\n\t\t\t\t\t<\/div>\n\t\t<\/div>\n\t\t\t\t\t<\/div>\n\t\t<\/section>\n\t\t\t\t<section data-particle_enable=\"false\" data-particle-mobile-disabled=\"false\" class=\"elementor-section elementor-inner-section elementor-element elementor-element-efd4b57 elementor-reverse-mobile elementor-section-boxed elementor-section-height-default elementor-section-height-default\" data-id=\"efd4b57\" data-element_type=\"section\" data-e-type=\"section\" data-settings=\"{&quot;background_background&quot;:&quot;classic&quot;}\">\n\t\t\t\t\t\t<div class=\"elementor-container elementor-column-gap-default\">\n\t\t\t\t\t<div class=\"elementor-column elementor-col-50 elementor-inner-column elementor-element elementor-element-8fc4f10\" data-id=\"8fc4f10\" data-element_type=\"column\" data-e-type=\"column\" data-settings=\"{&quot;background_background&quot;:&quot;classic&quot;}\">\n\t\t\t<div class=\"elementor-widget-wrap elementor-element-populated\">\n\t\t\t\t\t\t<div class=\"elementor-element elementor-element-6248e14 elementor-widget elementor-widget-heading\" data-id=\"6248e14\" data-element_type=\"widget\" data-e-type=\"widget\" data-widget_type=\"heading.default\">\n\t\t\t\t<div class=\"elementor-widget-container\">\n\t\t\t\t\t<h2 class=\"elementor-heading-title elementor-size-default\">Serie 3600<\/h2>\t\t\t\t<\/div>\n\t\t\t\t<\/div>\n\t\t\t\t<div class=\"elementor-element elementor-element-5716486 elementor-widget elementor-widget-text-editor\" data-id=\"5716486\" data-element_type=\"widget\" data-e-type=\"widget\" data-widget_type=\"text-editor.default\">\n\t\t\t\t<div class=\"elementor-widget-container\">\n\t\t\t\t\t\t\t\t\t<ul><li class=\"ewa-rteLine\">Hasta 468 GPM - Hasta 125 PSI<\/li><li class=\"ewa-rteLine\">Internos endurecidos<\/li><li class=\"ewa-rteLine\">Revestimiento opcional<\/li><li class=\"ewa-rteLine\">M\u00faltiples tama\u00f1os disponibles<\/li><li class=\"ewa-rteLine\">Opciones configurables de sellado\/empaquetado<\/li><li class=\"ewa-rteLine\">Sello de cartucho compatible<\/li><li class=\"ewa-rteLine\">Configuraciones personalizadas disponibles (por ejemplo, caja 22 con engranaje de tama\u00f1o 11)<\/li><\/ul>\t\t\t\t\t\t\t\t<\/div>\n\t\t\t\t<\/div>\n\t\t\t\t\t<\/div>\n\t\t<\/div>\n\t\t\t\t<div class=\"elementor-column elementor-col-50 elementor-inner-column elementor-element elementor-element-4fd5c7d\" data-id=\"4fd5c7d\" data-element_type=\"column\" data-e-type=\"column\">\n\t\t\t<div class=\"elementor-widget-wrap elementor-element-populated\">\n\t\t\t\t\t\t<div class=\"elementor-element elementor-element-e2f2a34 elementor-widget elementor-widget-image\" data-id=\"e2f2a34\" data-element_type=\"widget\" data-e-type=\"widget\" data-widget_type=\"image.default\">\n\t\t\t\t<div class=\"elementor-widget-container\">\n\t\t\t\t\t\t\t\t\t\t\t\t\t\t\t<img decoding=\"async\" width=\"1024\" height=\"731\" src=\"https:\/\/roperpumps.com\/wp-content\/uploads\/2020\/11\/3600-1024x731.png\" class=\"attachment-large size-large wp-image-768\" alt=\"3600 Series Pump\" srcset=\"https:\/\/roperpumps.com\/wp-content\/uploads\/2020\/11\/3600-1024x731.png 1024w, https:\/\/roperpumps.com\/wp-content\/uploads\/2020\/11\/3600-300x214.png 300w, https:\/\/roperpumps.com\/wp-content\/uploads\/2020\/11\/3600-768x549.png 768w, https:\/\/roperpumps.com\/wp-content\/uploads\/2020\/11\/3600-1536x1097.png 1536w, https:\/\/roperpumps.com\/wp-content\/uploads\/2020\/11\/3600-2048x1463.png 2048w, https:\/\/roperpumps.com\/wp-content\/uploads\/2020\/11\/3600-e1604496837351.png 1000w\" sizes=\"(max-width: 1024px) 100vw, 1024px\" \/>\t\t\t\t\t\t\t\t\t\t\t\t\t\t\t<\/div>\n\t\t\t\t<\/div>\n\t\t\t\t<div class=\"elementor-element elementor-element-ff59ca2 elementor-align-center elementor-widget elementor-widget-button\" data-id=\"ff59ca2\" data-element_type=\"widget\" data-e-type=\"widget\" data-widget_type=\"button.default\">\n\t\t\t\t<div class=\"elementor-widget-container\">\n\t\t\t\t\t\t\t\t\t<div class=\"elementor-button-wrapper\">\n\t\t\t\t\t<a class=\"elementor-button elementor-button-link elementor-size-sm\" href=\"https:\/\/vx3.856.myftpupload.com\/3600-2\/\">\n\t\t\t\t\t\t<span class=\"elementor-button-content-wrapper\">\n\t\t\t\t\t\t\t\t\t<span class=\"elementor-button-text\">Visitar la p\u00e1gina de la bomba<\/span>\n\t\t\t\t\t<\/span>\n\t\t\t\t\t<\/a>\n\t\t\t\t<\/div>\n\t\t\t\t\t\t\t\t<\/div>\n\t\t\t\t<\/div>\n\t\t\t\t\t<\/div>\n\t\t<\/div>\n\t\t\t\t\t<\/div>\n\t\t<\/section>\n\t\t\t\t\t<\/div>\n\t\t<\/div>\n\t\t\t\t<div class=\"elementor-column elementor-col-50 elementor-top-column elementor-element elementor-element-211e858\" data-id=\"211e858\" data-element_type=\"column\" data-e-type=\"column\">\n\t\t\t<div class=\"elementor-widget-wrap elementor-element-populated\">\n\t\t\t\t\t\t<div class=\"elementor-element elementor-element-19b5a35 elementor-widget elementor-widget-html\" data-id=\"19b5a35\" data-element_type=\"widget\" data-e-type=\"widget\" data-widget_type=\"html.default\">\n\t\t\t\t<div class=\"elementor-widget-container\">\n\t\t\t\t\t<div class=\"pipedriveWebForms\" data-pd-webforms=\"https:\/\/webforms.pipedrive.com\/f\/czCDhh8jWhTQ8hcqDlTcLxEJLTkGEg01WgOwuVjLydcylBsDCQcBicbvSbefT6qY0j\"><script src=\"https:\/\/webforms.pipedrive.com\/f\/loader\"><\/script><\/div>\t\t\t\t<\/div>\n\t\t\t\t<\/div>\n\t\t\t\t\t<\/div>\n\t\t<\/div>\n\t\t\t\t\t<\/div>\n\t\t<\/section>\n\t\t\t\t<\/div>","protected":false},"excerpt":{"rendered":"<p>Oil &amp; Gas Lubrication Pumps Roper pumps serve as lubrication pumps in the oil and gas markets by efficiently delivering lubricants to various components within machinery and equipment. These pumps are used to ensure proper lubrication of critical parts such as bearings, gears, and seals in pumps, compressors, engines, and other industrial machinery. By maintaining [&hellip;]<\/p>\n","protected":false},"author":10,"featured_media":0,"parent":6314,"menu_order":0,"comment_status":"closed","ping_status":"closed","template":"elementor_header_footer","meta":{"content-type":"","site-sidebar-layout":"no-sidebar","site-content-layout":"page-builder","ast-site-content-layout":"full-width-container","site-content-style":"default","site-sidebar-style":"default","ast-global-header-display":"","ast-banner-title-visibility":"","ast-main-header-display":"","ast-hfb-above-header-display":"","ast-hfb-below-header-display":"","ast-hfb-mobile-header-display":"","site-post-title":"disabled","ast-breadcrumbs-content":"","ast-featured-img":"disabled","footer-sml-layout":"","ast-disable-related-posts":"","theme-transparent-header-meta":"","adv-header-id-meta":"","stick-header-meta":"","header-above-stick-meta":"","header-main-stick-meta":"","header-below-stick-meta":"","astra-migrate-meta-layouts":"set","ast-page-background-enabled":"default","ast-page-background-meta":{"desktop":{"background-color":"var(--ast-global-color-4)","background-image":"","background-repeat":"repeat","background-position":"center center","background-size":"auto","background-attachment":"scroll","background-type":"","background-media":"","overlay-type":"","overlay-color":"","overlay-opacity":"","overlay-gradient":""},"tablet":{"background-color":"","background-image":"","background-repeat":"repeat","background-position":"center center","background-size":"auto","background-attachment":"scroll","background-type":"","background-media":"","overlay-type":"","overlay-color":"","overlay-opacity":"","overlay-gradient":""},"mobile":{"background-color":"","background-image":"","background-repeat":"repeat","background-position":"center center","background-size":"auto","background-attachment":"scroll","background-type":"","background-media":"","overlay-type":"","overlay-color":"","overlay-opacity":"","overlay-gradient":""}},"ast-content-background-meta":{"desktop":{"background-color":"var(--ast-global-color-5)","background-image":"","background-repeat":"repeat","background-position":"center center","background-size":"auto","background-attachment":"scroll","background-type":"","background-media":"","overlay-type":"","overlay-color":"","overlay-opacity":"","overlay-gradient":""},"tablet":{"background-color":"var(--ast-global-color-5)","background-image":"","background-repeat":"repeat","background-position":"center center","background-size":"auto","background-attachment":"scroll","background-type":"","background-media":"","overlay-type":"","overlay-color":"","overlay-opacity":"","overlay-gradient":""},"mobile":{"background-color":"var(--ast-global-color-5)","background-image":"","background-repeat":"repeat","background-position":"center center","background-size":"auto","background-attachment":"scroll","background-type":"","background-media":"","overlay-type":"","overlay-color":"","overlay-opacity":"","overlay-gradient":""}},"footnotes":""},"class_list":["post-6106","page","type-page","status-publish","hentry"],"yoast_head":"<!-- This site is optimized with the Yoast SEO plugin v27.5 - https:\/\/yoast.com\/product\/yoast-seo-wordpress\/ -->\n<title>Lubrication Pumps in Oil and Gas Markets | Roper Pump Company<\/title>\n<meta name=\"description\" content=\"Explore how Roper Pumps serve as lubrication pumps for the specific needs of the oil and gas markets. It ensures optimal performance and longevity for industrial machinery.\" \/>\n<meta name=\"robots\" content=\"index, follow, max-snippet:-1, max-image-preview:large, max-video-preview:-1\" \/>\n<link rel=\"canonical\" href=\"https:\/\/roperpumps.com\/es\/oil-gas-market\/lubrication-pumps\/\" \/>\n<meta property=\"og:locale\" content=\"es_MX\" \/>\n<meta property=\"og:type\" content=\"article\" \/>\n<meta property=\"og:title\" content=\"Lubrication Pumps in Oil and Gas Markets | Roper Pump Company\" \/>\n<meta property=\"og:description\" content=\"Explore how Roper Pumps serve as lubrication pumps for the specific needs of the oil and gas markets. It ensures optimal performance and longevity for industrial machinery.\" \/>\n<meta property=\"og:url\" content=\"https:\/\/roperpumps.com\/es\/oil-gas-market\/lubrication-pumps\/\" \/>\n<meta property=\"og:site_name\" content=\"Roper Pump Company\" \/>\n<meta property=\"article:modified_time\" content=\"2024-10-17T23:15:54+00:00\" \/>\n<meta property=\"og:image\" content=\"https:\/\/roperpumps.com\/wp-content\/uploads\/2024\/04\/A-Series-1024x731.png\" \/>\n<meta name=\"twitter:card\" content=\"summary_large_image\" \/>\n<meta name=\"twitter:label1\" content=\"Tiempo de lectura\" \/>\n\t<meta name=\"twitter:data1\" content=\"2 minutos\" \/>\n<script type=\"application\/ld+json\" class=\"yoast-schema-graph\">{\"@context\":\"https:\\\/\\\/schema.org\",\"@graph\":[{\"@type\":\"WebPage\",\"@id\":\"https:\\\/\\\/roperpumps.com\\\/oil-gas-market\\\/lubrication-pumps\\\/\",\"url\":\"https:\\\/\\\/roperpumps.com\\\/oil-gas-market\\\/lubrication-pumps\\\/\",\"name\":\"Lubrication Pumps in Oil and Gas Markets | Roper Pump Company\",\"isPartOf\":{\"@id\":\"https:\\\/\\\/roperpumps.com\\\/#website\"},\"primaryImageOfPage\":{\"@id\":\"https:\\\/\\\/roperpumps.com\\\/oil-gas-market\\\/lubrication-pumps\\\/#primaryimage\"},\"image\":{\"@id\":\"https:\\\/\\\/roperpumps.com\\\/oil-gas-market\\\/lubrication-pumps\\\/#primaryimage\"},\"thumbnailUrl\":\"https:\\\/\\\/roperpumps.com\\\/wp-content\\\/uploads\\\/2024\\\/04\\\/A-Series-1024x731.png\",\"datePublished\":\"2024-04-09T18:36:43+00:00\",\"dateModified\":\"2024-10-17T23:15:54+00:00\",\"description\":\"Explore how Roper Pumps serve as lubrication pumps for the specific needs of the oil and gas markets. It ensures optimal performance and longevity for industrial machinery.\",\"breadcrumb\":{\"@id\":\"https:\\\/\\\/roperpumps.com\\\/oil-gas-market\\\/lubrication-pumps\\\/#breadcrumb\"},\"inLanguage\":\"es\",\"potentialAction\":[{\"@type\":\"ReadAction\",\"target\":[\"https:\\\/\\\/roperpumps.com\\\/oil-gas-market\\\/lubrication-pumps\\\/\"]}]},{\"@type\":\"ImageObject\",\"inLanguage\":\"es\",\"@id\":\"https:\\\/\\\/roperpumps.com\\\/oil-gas-market\\\/lubrication-pumps\\\/#primaryimage\",\"url\":\"https:\\\/\\\/roperpumps.com\\\/wp-content\\\/uploads\\\/2024\\\/04\\\/A-Series-1024x731.png\",\"contentUrl\":\"https:\\\/\\\/roperpumps.com\\\/wp-content\\\/uploads\\\/2024\\\/04\\\/A-Series-1024x731.png\"},{\"@type\":\"BreadcrumbList\",\"@id\":\"https:\\\/\\\/roperpumps.com\\\/oil-gas-market\\\/lubrication-pumps\\\/#breadcrumb\",\"itemListElement\":[{\"@type\":\"ListItem\",\"position\":1,\"name\":\"Home\",\"item\":\"https:\\\/\\\/roperpumps.com\\\/\"},{\"@type\":\"ListItem\",\"position\":2,\"name\":\"Oil &#038; Gas Market\",\"item\":\"https:\\\/\\\/roperpumps.com\\\/oil-gas-market\\\/\"},{\"@type\":\"ListItem\",\"position\":3,\"name\":\"Lubrication Pumps\"}]},{\"@type\":\"WebSite\",\"@id\":\"https:\\\/\\\/roperpumps.com\\\/#website\",\"url\":\"https:\\\/\\\/roperpumps.com\\\/\",\"name\":\"Roper Pump Company\",\"description\":\"Innovative pumping solutions for your most demanding applications\",\"publisher\":{\"@id\":\"https:\\\/\\\/roperpumps.com\\\/#organization\"},\"potentialAction\":[{\"@type\":\"SearchAction\",\"target\":{\"@type\":\"EntryPoint\",\"urlTemplate\":\"https:\\\/\\\/roperpumps.com\\\/?s={search_term_string}\"},\"query-input\":{\"@type\":\"PropertyValueSpecification\",\"valueRequired\":true,\"valueName\":\"search_term_string\"}}],\"inLanguage\":\"es\"},{\"@type\":\"Organization\",\"@id\":\"https:\\\/\\\/roperpumps.com\\\/#organization\",\"name\":\"Roper Pump Company\",\"url\":\"https:\\\/\\\/roperpumps.com\\\/\",\"logo\":{\"@type\":\"ImageObject\",\"inLanguage\":\"es\",\"@id\":\"https:\\\/\\\/roperpumps.com\\\/#\\\/schema\\\/logo\\\/image\\\/\",\"url\":\"https:\\\/\\\/roperpumps.com\\\/wp-content\\\/uploads\\\/2020\\\/04\\\/Roper_Logo2.png\",\"contentUrl\":\"https:\\\/\\\/roperpumps.com\\\/wp-content\\\/uploads\\\/2020\\\/04\\\/Roper_Logo2.png\",\"width\":1089,\"height\":507,\"caption\":\"Roper Pump Company\"},\"image\":{\"@id\":\"https:\\\/\\\/roperpumps.com\\\/#\\\/schema\\\/logo\\\/image\\\/\"}}]}<\/script>\n<!-- \/ Yoast SEO plugin. -->","yoast_head_json":{"title":"Lubrication Pumps in Oil and Gas Markets | Roper Pump Company","description":"Explore how Roper Pumps serve as lubrication pumps for the specific needs of the oil and gas markets. It ensures optimal performance and longevity for industrial machinery.","robots":{"index":"index","follow":"follow","max-snippet":"max-snippet:-1","max-image-preview":"max-image-preview:large","max-video-preview":"max-video-preview:-1"},"canonical":"https:\/\/roperpumps.com\/es\/oil-gas-market\/lubrication-pumps\/","og_locale":"es_MX","og_type":"article","og_title":"Lubrication Pumps in Oil and Gas Markets | Roper Pump Company","og_description":"Explore how Roper Pumps serve as lubrication pumps for the specific needs of the oil and gas markets. It ensures optimal performance and longevity for industrial machinery.","og_url":"https:\/\/roperpumps.com\/es\/oil-gas-market\/lubrication-pumps\/","og_site_name":"Roper Pump Company","article_modified_time":"2024-10-17T23:15:54+00:00","og_image":[{"url":"https:\/\/roperpumps.com\/wp-content\/uploads\/2024\/04\/A-Series-1024x731.png","type":"","width":"","height":""}],"twitter_card":"summary_large_image","twitter_misc":{"Tiempo de lectura":"2 minutos"},"schema":{"@context":"https:\/\/schema.org","@graph":[{"@type":"WebPage","@id":"https:\/\/roperpumps.com\/oil-gas-market\/lubrication-pumps\/","url":"https:\/\/roperpumps.com\/oil-gas-market\/lubrication-pumps\/","name":"Lubrication Pumps in Oil and Gas Markets | Roper Pump Company","isPartOf":{"@id":"https:\/\/roperpumps.com\/#website"},"primaryImageOfPage":{"@id":"https:\/\/roperpumps.com\/oil-gas-market\/lubrication-pumps\/#primaryimage"},"image":{"@id":"https:\/\/roperpumps.com\/oil-gas-market\/lubrication-pumps\/#primaryimage"},"thumbnailUrl":"https:\/\/roperpumps.com\/wp-content\/uploads\/2024\/04\/A-Series-1024x731.png","datePublished":"2024-04-09T18:36:43+00:00","dateModified":"2024-10-17T23:15:54+00:00","description":"Explore how Roper Pumps serve as lubrication pumps for the specific needs of the oil and gas markets. It ensures optimal performance and longevity for industrial machinery.","breadcrumb":{"@id":"https:\/\/roperpumps.com\/oil-gas-market\/lubrication-pumps\/#breadcrumb"},"inLanguage":"es","potentialAction":[{"@type":"ReadAction","target":["https:\/\/roperpumps.com\/oil-gas-market\/lubrication-pumps\/"]}]},{"@type":"ImageObject","inLanguage":"es","@id":"https:\/\/roperpumps.com\/oil-gas-market\/lubrication-pumps\/#primaryimage","url":"https:\/\/roperpumps.com\/wp-content\/uploads\/2024\/04\/A-Series-1024x731.png","contentUrl":"https:\/\/roperpumps.com\/wp-content\/uploads\/2024\/04\/A-Series-1024x731.png"},{"@type":"BreadcrumbList","@id":"https:\/\/roperpumps.com\/oil-gas-market\/lubrication-pumps\/#breadcrumb","itemListElement":[{"@type":"ListItem","position":1,"name":"Home","item":"https:\/\/roperpumps.com\/"},{"@type":"ListItem","position":2,"name":"Oil &#038; Gas Market","item":"https:\/\/roperpumps.com\/oil-gas-market\/"},{"@type":"ListItem","position":3,"name":"Lubrication Pumps"}]},{"@type":"WebSite","@id":"https:\/\/roperpumps.com\/#website","url":"https:\/\/roperpumps.com\/","name":"Roper Pump Company","description":"Soluciones de bombeo innovadoras para sus aplicaciones m\u00e1s exigentes","publisher":{"@id":"https:\/\/roperpumps.com\/#organization"},"potentialAction":[{"@type":"SearchAction","target":{"@type":"EntryPoint","urlTemplate":"https:\/\/roperpumps.com\/?s={search_term_string}"},"query-input":{"@type":"PropertyValueSpecification","valueRequired":true,"valueName":"search_term_string"}}],"inLanguage":"es"},{"@type":"Organization","@id":"https:\/\/roperpumps.com\/#organization","name":"Roper Pump Company","url":"https:\/\/roperpumps.com\/","logo":{"@type":"ImageObject","inLanguage":"es","@id":"https:\/\/roperpumps.com\/#\/schema\/logo\/image\/","url":"https:\/\/roperpumps.com\/wp-content\/uploads\/2020\/04\/Roper_Logo2.png","contentUrl":"https:\/\/roperpumps.com\/wp-content\/uploads\/2020\/04\/Roper_Logo2.png","width":1089,"height":507,"caption":"Roper Pump Company"},"image":{"@id":"https:\/\/roperpumps.com\/#\/schema\/logo\/image\/"}}]}},"_links":{"self":[{"href":"https:\/\/roperpumps.com\/es\/wp-json\/wp\/v2\/pages\/6106","targetHints":{"allow":["GET"]}}],"collection":[{"href":"https:\/\/roperpumps.com\/es\/wp-json\/wp\/v2\/pages"}],"about":[{"href":"https:\/\/roperpumps.com\/es\/wp-json\/wp\/v2\/types\/page"}],"author":[{"embeddable":true,"href":"https:\/\/roperpumps.com\/es\/wp-json\/wp\/v2\/users\/10"}],"replies":[{"embeddable":true,"href":"https:\/\/roperpumps.com\/es\/wp-json\/wp\/v2\/comments?post=6106"}],"version-history":[{"count":10,"href":"https:\/\/roperpumps.com\/es\/wp-json\/wp\/v2\/pages\/6106\/revisions"}],"predecessor-version":[{"id":9603,"href":"https:\/\/roperpumps.com\/es\/wp-json\/wp\/v2\/pages\/6106\/revisions\/9603"}],"up":[{"embeddable":true,"href":"https:\/\/roperpumps.com\/es\/wp-json\/wp\/v2\/pages\/6314"}],"wp:attachment":[{"href":"https:\/\/roperpumps.com\/es\/wp-json\/wp\/v2\/media?parent=6106"}],"curies":[{"name":"wp","href":"https:\/\/api.w.org\/{rel}","templated":true}]}}