{"id":6232,"date":"2024-04-11T13:55:53","date_gmt":"2024-04-11T13:55:53","guid":{"rendered":"https:\/\/roperpumps.com\/?page_id=6232"},"modified":"2024-11-12T17:21:33","modified_gmt":"2024-11-12T17:21:33","slug":"additives","status":"publish","type":"page","link":"https:\/\/roperpumps.com\/es\/chemicals-market\/additives\/","title":{"rendered":"Aditivos"},"content":{"rendered":"<div data-elementor-type=\"wp-page\" data-elementor-id=\"6232\" class=\"elementor elementor-6232\" data-elementor-post-type=\"page\">\n\t\t\t\t\t\t<section data-particle_enable=\"false\" data-particle-mobile-disabled=\"false\" class=\"elementor-section elementor-top-section elementor-element elementor-element-9f48d9e elementor-section-height-min-height elementor-section-content-bottom elementor-section-boxed elementor-section-height-default elementor-section-items-middle\" data-id=\"9f48d9e\" data-element_type=\"section\" data-e-type=\"section\" data-settings=\"{&quot;background_background&quot;:&quot;classic&quot;}\">\n\t\t\t\t\t\t<div class=\"elementor-container elementor-column-gap-default\">\n\t\t\t\t\t<div class=\"elementor-column elementor-col-100 elementor-top-column elementor-element elementor-element-ac8ad66\" data-id=\"ac8ad66\" data-element_type=\"column\" data-e-type=\"column\">\n\t\t\t<div class=\"elementor-widget-wrap elementor-element-populated\">\n\t\t\t\t\t\t<div class=\"elementor-element elementor-element-36a64b9 elementor-widget elementor-widget-heading\" data-id=\"36a64b9\" data-element_type=\"widget\" data-e-type=\"widget\" data-widget_type=\"heading.default\">\n\t\t\t\t<div class=\"elementor-widget-container\">\n\t\t\t\t\t<h2 class=\"elementor-heading-title elementor-size-default\">Productos qu\u00edmicos<\/h2>\t\t\t\t<\/div>\n\t\t\t\t<\/div>\n\t\t\t\t\t<\/div>\n\t\t<\/div>\n\t\t\t\t\t<\/div>\n\t\t<\/section>\n\t\t\t\t<section data-particle_enable=\"false\" data-particle-mobile-disabled=\"false\" class=\"elementor-section elementor-top-section elementor-element elementor-element-ea70c17 elementor-section-boxed elementor-section-height-default elementor-section-height-default\" data-id=\"ea70c17\" data-element_type=\"section\" data-e-type=\"section\">\n\t\t\t\t\t\t<div class=\"elementor-container elementor-column-gap-default\">\n\t\t\t\t\t<div class=\"elementor-column elementor-col-50 elementor-top-column elementor-element elementor-element-15b5c93\" data-id=\"15b5c93\" data-element_type=\"column\" data-e-type=\"column\">\n\t\t\t<div class=\"elementor-widget-wrap elementor-element-populated\">\n\t\t\t\t\t\t<div class=\"elementor-element elementor-element-db4809f elementor-widget elementor-widget-heading\" data-id=\"db4809f\" data-element_type=\"widget\" data-e-type=\"widget\" data-widget_type=\"heading.default\">\n\t\t\t\t<div class=\"elementor-widget-container\">\n\t\t\t\t\t<h1 class=\"elementor-heading-title elementor-size-default\">Aditivos<\/h1>\t\t\t\t<\/div>\n\t\t\t\t<\/div>\n\t\t\t\t<div class=\"elementor-element elementor-element-5c46d49 elementor-widget elementor-widget-text-editor\" data-id=\"5c46d49\" data-element_type=\"widget\" data-e-type=\"widget\" data-widget_type=\"text-editor.default\">\n\t\t\t\t<div class=\"elementor-widget-container\">\n\t\t\t\t\t\t\t\t\t<p>Las bombas de engranajes externos son id\u00f3neas para la manipulaci\u00f3n de aditivos, que son l\u00edquidos dise\u00f1ados para modificar o mejorar las propiedades de l\u00edquidos a granel como combustibles, grasas y aceites. Estos l\u00edquidos aditivos abarcan una gama de sustancias como antioxidantes, inhibidores de \u00f3xido, agentes antidesgaste y modificadores de viscosidad.<\/p><p>A pesar de la naturaleza diversa de estos aditivos, las bombas de engranajes externos tienen la capacidad de manejar una gran variedad de viscosidades, lo que las convierte en una opci\u00f3n fiable para diversas aplicaciones qu\u00edmicas. Su capacidad para manejar una gran variedad de viscosidades y aditivos las convierte en una opci\u00f3n fiable para las industrias que requieren una dosificaci\u00f3n precisa y una calidad constante en sus productos.<\/p>\t\t\t\t\t\t\t\t<\/div>\n\t\t\t\t<\/div>\n\t\t\t\t<div class=\"elementor-element elementor-element-32278c4 elementor-widget elementor-widget-heading\" data-id=\"32278c4\" data-element_type=\"widget\" data-e-type=\"widget\" data-widget_type=\"heading.default\">\n\t\t\t\t<div class=\"elementor-widget-container\">\n\t\t\t\t\t<h2 class=\"elementor-heading-title elementor-size-default\">Bombas destacadas<\/h2>\t\t\t\t<\/div>\n\t\t\t\t<\/div>\n\t\t\t\t<section data-particle_enable=\"false\" data-particle-mobile-disabled=\"false\" class=\"elementor-section elementor-inner-section elementor-element elementor-element-eda819e elementor-reverse-mobile elementor-section-boxed elementor-section-height-default elementor-section-height-default\" data-id=\"eda819e\" data-element_type=\"section\" data-e-type=\"section\" data-settings=\"{&quot;background_background&quot;:&quot;classic&quot;}\">\n\t\t\t\t\t\t<div class=\"elementor-container elementor-column-gap-default\">\n\t\t\t\t\t<div class=\"elementor-column elementor-col-50 elementor-inner-column elementor-element elementor-element-8a25afc\" data-id=\"8a25afc\" data-element_type=\"column\" data-e-type=\"column\" data-settings=\"{&quot;background_background&quot;:&quot;classic&quot;}\">\n\t\t\t<div class=\"elementor-widget-wrap elementor-element-populated\">\n\t\t\t\t\t\t<div class=\"elementor-element elementor-element-4463b0d elementor-widget elementor-widget-heading\" data-id=\"4463b0d\" data-element_type=\"widget\" data-e-type=\"widget\" data-widget_type=\"heading.default\">\n\t\t\t\t<div class=\"elementor-widget-container\">\n\t\t\t\t\t<h2 class=\"elementor-heading-title elementor-size-default\">Serie V<\/h2>\t\t\t\t<\/div>\n\t\t\t\t<\/div>\n\t\t\t\t<div class=\"elementor-element elementor-element-f67093a elementor-widget elementor-widget-text-editor\" data-id=\"f67093a\" data-element_type=\"widget\" data-e-type=\"widget\" data-widget_type=\"text-editor.default\">\n\t\t\t\t<div class=\"elementor-widget-container\">\n\t\t\t\t\t\t\t\t\t<ul><li class=\"ewa-rteLine\">Hasta 5,7 GPM<\/li><li class=\"ewa-rteLine\">Capaz de funcionar a velocidades nominales del motor de 1800 RPM.<\/li><li class=\"ewa-rteLine\">Personalizaciones configurables disponibles <\/li><li class=\"ewa-rteLine\">Bomba de engranajes cil\u00edndricos sin juntas Magdrive<\/li><li class=\"ewa-rteLine\">Carcasa de fundici\u00f3n d\u00factil con ejes y engranajes de acero endurecido<\/li><li class=\"ewa-rteLine\">Dise\u00f1ado para el trasvase ultraseguro de l\u00edquidos peligrosos o t\u00f3xicos<\/li><\/ul>\t\t\t\t\t\t\t\t<\/div>\n\t\t\t\t<\/div>\n\t\t\t\t\t<\/div>\n\t\t<\/div>\n\t\t\t\t<div class=\"elementor-column elementor-col-50 elementor-inner-column elementor-element elementor-element-2b7112f\" data-id=\"2b7112f\" data-element_type=\"column\" data-e-type=\"column\">\n\t\t\t<div class=\"elementor-widget-wrap elementor-element-populated\">\n\t\t\t\t\t\t<div class=\"elementor-element elementor-element-18ecc1c elementor-widget elementor-widget-image\" data-id=\"18ecc1c\" data-element_type=\"widget\" data-e-type=\"widget\" data-widget_type=\"image.default\">\n\t\t\t\t<div class=\"elementor-widget-container\">\n\t\t\t\t\t\t\t\t\t\t\t\t\t\t\t<img fetchpriority=\"high\" decoding=\"async\" width=\"1024\" height=\"731\" src=\"https:\/\/roperpumps.com\/wp-content\/uploads\/2024\/04\/V-Series-1024x731.png\" class=\"attachment-large size-large wp-image-6235\" alt=\"V Series Gear Pump\" srcset=\"https:\/\/roperpumps.com\/wp-content\/uploads\/2024\/04\/V-Series-1024x731.png 1024w, https:\/\/roperpumps.com\/wp-content\/uploads\/2024\/04\/V-Series-300x214.png 300w, https:\/\/roperpumps.com\/wp-content\/uploads\/2024\/04\/V-Series-768x548.png 768w, https:\/\/roperpumps.com\/wp-content\/uploads\/2024\/04\/V-Series.png 1500w\" sizes=\"(max-width: 1024px) 100vw, 1024px\" \/>\t\t\t\t\t\t\t\t\t\t\t\t\t\t\t<\/div>\n\t\t\t\t<\/div>\n\t\t\t\t<div class=\"elementor-element elementor-element-1ef76ba elementor-align-center elementor-widget elementor-widget-button\" data-id=\"1ef76ba\" data-element_type=\"widget\" data-e-type=\"widget\" data-widget_type=\"button.default\">\n\t\t\t\t<div class=\"elementor-widget-container\">\n\t\t\t\t\t\t\t\t\t<div class=\"elementor-button-wrapper\">\n\t\t\t\t\t<a class=\"elementor-button elementor-button-link elementor-size-sm\" href=\"https:\/\/vx3.856.myftpupload.com\/v-series\/\">\n\t\t\t\t\t\t<span class=\"elementor-button-content-wrapper\">\n\t\t\t\t\t\t\t\t\t<span class=\"elementor-button-text\">Visitar la p\u00e1gina de la bomba<\/span>\n\t\t\t\t\t<\/span>\n\t\t\t\t\t<\/a>\n\t\t\t\t<\/div>\n\t\t\t\t\t\t\t\t<\/div>\n\t\t\t\t<\/div>\n\t\t\t\t\t<\/div>\n\t\t<\/div>\n\t\t\t\t\t<\/div>\n\t\t<\/section>\n\t\t\t\t<section data-particle_enable=\"false\" data-particle-mobile-disabled=\"false\" class=\"elementor-section elementor-inner-section elementor-element elementor-element-602a1e4 elementor-reverse-mobile elementor-section-boxed elementor-section-height-default elementor-section-height-default\" data-id=\"602a1e4\" data-element_type=\"section\" data-e-type=\"section\" data-settings=\"{&quot;background_background&quot;:&quot;classic&quot;}\">\n\t\t\t\t\t\t<div class=\"elementor-container elementor-column-gap-default\">\n\t\t\t\t\t<div class=\"elementor-column elementor-col-50 elementor-inner-column elementor-element elementor-element-70c74ed\" data-id=\"70c74ed\" data-element_type=\"column\" data-e-type=\"column\" data-settings=\"{&quot;background_background&quot;:&quot;classic&quot;}\">\n\t\t\t<div class=\"elementor-widget-wrap elementor-element-populated\">\n\t\t\t\t\t\t<div class=\"elementor-element elementor-element-f07ef7a elementor-widget elementor-widget-heading\" data-id=\"f07ef7a\" data-element_type=\"widget\" data-e-type=\"widget\" data-widget_type=\"heading.default\">\n\t\t\t\t<div class=\"elementor-widget-container\">\n\t\t\t\t\t<h2 class=\"elementor-heading-title elementor-size-default\">Serie A<\/h2>\t\t\t\t<\/div>\n\t\t\t\t<\/div>\n\t\t\t\t<div class=\"elementor-element elementor-element-258c7e4 elementor-widget elementor-widget-text-editor\" data-id=\"258c7e4\" data-element_type=\"widget\" data-e-type=\"widget\" data-widget_type=\"text-editor.default\">\n\t\t\t\t<div class=\"elementor-widget-container\">\n\t\t\t\t\t\t\t\t\t<ul><li class=\"ewa-rteLine\">Hasta 75,6 GPM - Hasta 300 PSI<\/li><li class=\"ewa-rteLine\">12 tallas disponibles<\/li><li class=\"ewa-rteLine\">Opciones configurables de sellado\/empaquetado<\/li><li class=\"ewa-rteLine\">Opci\u00f3n de acoplamiento compacto<\/li><li class=\"ewa-rteLine\">Compatible con fluidos abrasivos<\/li><li class=\"ewa-rteLine\">Opci\u00f3n d\u00factil <\/li><\/ul>\t\t\t\t\t\t\t\t<\/div>\n\t\t\t\t<\/div>\n\t\t\t\t\t<\/div>\n\t\t<\/div>\n\t\t\t\t<div class=\"elementor-column elementor-col-50 elementor-inner-column elementor-element elementor-element-320886b\" data-id=\"320886b\" data-element_type=\"column\" data-e-type=\"column\">\n\t\t\t<div class=\"elementor-widget-wrap elementor-element-populated\">\n\t\t\t\t\t\t<div class=\"elementor-element elementor-element-330bcc4 elementor-widget elementor-widget-image\" data-id=\"330bcc4\" data-element_type=\"widget\" data-e-type=\"widget\" data-widget_type=\"image.default\">\n\t\t\t\t<div class=\"elementor-widget-container\">\n\t\t\t\t\t\t\t\t\t\t\t\t\t\t\t<img decoding=\"async\" width=\"1024\" height=\"731\" src=\"https:\/\/roperpumps.com\/wp-content\/uploads\/2024\/04\/A-Series-1024x731.png\" class=\"attachment-large size-large wp-image-5880\" alt=\"A series pump\" srcset=\"https:\/\/roperpumps.com\/wp-content\/uploads\/2024\/04\/A-Series-1024x731.png 1024w, https:\/\/roperpumps.com\/wp-content\/uploads\/2024\/04\/A-Series-300x214.png 300w, https:\/\/roperpumps.com\/wp-content\/uploads\/2024\/04\/A-Series-768x549.png 768w, https:\/\/roperpumps.com\/wp-content\/uploads\/2024\/04\/A-Series-1536x1097.png 1536w, https:\/\/roperpumps.com\/wp-content\/uploads\/2024\/04\/A-Series-2048x1463.png 2048w\" sizes=\"(max-width: 1024px) 100vw, 1024px\" \/>\t\t\t\t\t\t\t\t\t\t\t\t\t\t\t<\/div>\n\t\t\t\t<\/div>\n\t\t\t\t<div class=\"elementor-element elementor-element-e224d5e elementor-align-center elementor-widget elementor-widget-button\" data-id=\"e224d5e\" data-element_type=\"widget\" data-e-type=\"widget\" data-widget_type=\"button.default\">\n\t\t\t\t<div class=\"elementor-widget-container\">\n\t\t\t\t\t\t\t\t\t<div class=\"elementor-button-wrapper\">\n\t\t\t\t\t<a class=\"elementor-button elementor-button-link elementor-size-sm\" href=\"https:\/\/vx3.856.myftpupload.com\/a-series\/\">\n\t\t\t\t\t\t<span class=\"elementor-button-content-wrapper\">\n\t\t\t\t\t\t\t\t\t<span class=\"elementor-button-text\">Visitar la p\u00e1gina de la bomba<\/span>\n\t\t\t\t\t<\/span>\n\t\t\t\t\t<\/a>\n\t\t\t\t<\/div>\n\t\t\t\t\t\t\t\t<\/div>\n\t\t\t\t<\/div>\n\t\t\t\t\t<\/div>\n\t\t<\/div>\n\t\t\t\t\t<\/div>\n\t\t<\/section>\n\t\t\t\t\t<\/div>\n\t\t<\/div>\n\t\t\t\t<div class=\"elementor-column elementor-col-50 elementor-top-column elementor-element elementor-element-211e858\" data-id=\"211e858\" data-element_type=\"column\" data-e-type=\"column\">\n\t\t\t<div class=\"elementor-widget-wrap elementor-element-populated\">\n\t\t\t\t\t\t<div class=\"elementor-element elementor-element-19b5a35 elementor-widget elementor-widget-html\" data-id=\"19b5a35\" data-element_type=\"widget\" data-e-type=\"widget\" data-widget_type=\"html.default\">\n\t\t\t\t<div class=\"elementor-widget-container\">\n\t\t\t\t\t<div class=\"pipedriveWebForms\" data-pd-webforms=\"https:\/\/webforms.pipedrive.com\/f\/ccR41DrmOr3ZdTOesmOPOIeDY4d6HJbhjIHbglaHxIiAdFdAdZ5hNGHSbgq744YI8P\"><script src=\"https:\/\/webforms.pipedrive.com\/f\/loader\"><\/script><\/div>\t\t\t\t<\/div>\n\t\t\t\t<\/div>\n\t\t\t\t\t<\/div>\n\t\t<\/div>\n\t\t\t\t\t<\/div>\n\t\t<\/section>\n\t\t\t\t<\/div>","protected":false},"excerpt":{"rendered":"<p>Chemicals Additives External gear pumps are well-suited for handling additives, which are liquids designed to modify or enhance the properties of bulk liquids like fuels, greases, and oils. These additive liquids encompass a range of substances such as antioxidants, rust inhibitors, anti-wear agents, and viscosity modifiers. Despite the diverse nature of these additives, external gear [&hellip;]<\/p>\n","protected":false},"author":10,"featured_media":0,"parent":6351,"menu_order":0,"comment_status":"closed","ping_status":"closed","template":"elementor_header_footer","meta":{"content-type":"","site-sidebar-layout":"no-sidebar","site-content-layout":"page-builder","ast-site-content-layout":"full-width-container","site-content-style":"default","site-sidebar-style":"default","ast-global-header-display":"","ast-banner-title-visibility":"","ast-main-header-display":"","ast-hfb-above-header-display":"","ast-hfb-below-header-display":"","ast-hfb-mobile-header-display":"","site-post-title":"disabled","ast-breadcrumbs-content":"","ast-featured-img":"disabled","footer-sml-layout":"","ast-disable-related-posts":"","theme-transparent-header-meta":"","adv-header-id-meta":"","stick-header-meta":"","header-above-stick-meta":"","header-main-stick-meta":"","header-below-stick-meta":"","astra-migrate-meta-layouts":"set","ast-page-background-enabled":"default","ast-page-background-meta":{"desktop":{"background-color":"var(--ast-global-color-4)","background-image":"","background-repeat":"repeat","background-position":"center center","background-size":"auto","background-attachment":"scroll","background-type":"","background-media":"","overlay-type":"","overlay-color":"","overlay-opacity":"","overlay-gradient":""},"tablet":{"background-color":"","background-image":"","background-repeat":"repeat","background-position":"center center","background-size":"auto","background-attachment":"scroll","background-type":"","background-media":"","overlay-type":"","overlay-color":"","overlay-opacity":"","overlay-gradient":""},"mobile":{"background-color":"","background-image":"","background-repeat":"repeat","background-position":"center center","background-size":"auto","background-attachment":"scroll","background-type":"","background-media":"","overlay-type":"","overlay-color":"","overlay-opacity":"","overlay-gradient":""}},"ast-content-background-meta":{"desktop":{"background-color":"var(--ast-global-color-5)","background-image":"","background-repeat":"repeat","background-position":"center center","background-size":"auto","background-attachment":"scroll","background-type":"","background-media":"","overlay-type":"","overlay-color":"","overlay-opacity":"","overlay-gradient":""},"tablet":{"background-color":"var(--ast-global-color-5)","background-image":"","background-repeat":"repeat","background-position":"center center","background-size":"auto","background-attachment":"scroll","background-type":"","background-media":"","overlay-type":"","overlay-color":"","overlay-opacity":"","overlay-gradient":""},"mobile":{"background-color":"var(--ast-global-color-5)","background-image":"","background-repeat":"repeat","background-position":"center center","background-size":"auto","background-attachment":"scroll","background-type":"","background-media":"","overlay-type":"","overlay-color":"","overlay-opacity":"","overlay-gradient":""}},"footnotes":""},"class_list":["post-6232","page","type-page","status-publish","hentry"],"yoast_head":"<!-- This site is optimized with the Yoast SEO plugin v27.5 - https:\/\/yoast.com\/product\/yoast-seo-wordpress\/ -->\n<title>Additive Transfer in Chemical Market | Roper Pump Company<\/title>\n<meta name=\"description\" content=\"Explore how Roper external gear pumps specialize in transferring additives to improve the properties of fuels, greases, and oils. These pumps easily handle a variety of viscosities.\" \/>\n<meta name=\"robots\" content=\"index, follow, max-snippet:-1, max-image-preview:large, max-video-preview:-1\" \/>\n<link rel=\"canonical\" href=\"https:\/\/roperpumps.com\/es\/chemicals-market\/additives\/\" \/>\n<meta property=\"og:locale\" content=\"es_MX\" \/>\n<meta property=\"og:type\" content=\"article\" \/>\n<meta property=\"og:title\" content=\"Additive Transfer in Chemical Market | Roper Pump Company\" \/>\n<meta property=\"og:description\" content=\"Explore how Roper external gear pumps specialize in transferring additives to improve the properties of fuels, greases, and oils. These pumps easily handle a variety of viscosities.\" \/>\n<meta property=\"og:url\" content=\"https:\/\/roperpumps.com\/es\/chemicals-market\/additives\/\" \/>\n<meta property=\"og:site_name\" content=\"Roper Pump Company\" \/>\n<meta property=\"article:modified_time\" content=\"2024-11-12T17:21:33+00:00\" \/>\n<meta property=\"og:image\" content=\"https:\/\/roperpumps.com\/wp-content\/uploads\/2024\/04\/V-Series-1024x731.png\" \/>\n<meta name=\"twitter:card\" content=\"summary_large_image\" \/>\n<meta name=\"twitter:label1\" content=\"Tiempo de lectura\" \/>\n\t<meta name=\"twitter:data1\" content=\"2 minutos\" \/>\n<script type=\"application\/ld+json\" class=\"yoast-schema-graph\">{\"@context\":\"https:\\\/\\\/schema.org\",\"@graph\":[{\"@type\":\"WebPage\",\"@id\":\"https:\\\/\\\/roperpumps.com\\\/chemicals-market\\\/additives\\\/\",\"url\":\"https:\\\/\\\/roperpumps.com\\\/chemicals-market\\\/additives\\\/\",\"name\":\"Additive Transfer in Chemical Market | Roper Pump Company\",\"isPartOf\":{\"@id\":\"https:\\\/\\\/roperpumps.com\\\/#website\"},\"primaryImageOfPage\":{\"@id\":\"https:\\\/\\\/roperpumps.com\\\/chemicals-market\\\/additives\\\/#primaryimage\"},\"image\":{\"@id\":\"https:\\\/\\\/roperpumps.com\\\/chemicals-market\\\/additives\\\/#primaryimage\"},\"thumbnailUrl\":\"https:\\\/\\\/roperpumps.com\\\/wp-content\\\/uploads\\\/2024\\\/04\\\/V-Series-1024x731.png\",\"datePublished\":\"2024-04-11T13:55:53+00:00\",\"dateModified\":\"2024-11-12T17:21:33+00:00\",\"description\":\"Explore how Roper external gear pumps specialize in transferring additives to improve the properties of fuels, greases, and oils. These pumps easily handle a variety of viscosities.\",\"breadcrumb\":{\"@id\":\"https:\\\/\\\/roperpumps.com\\\/chemicals-market\\\/additives\\\/#breadcrumb\"},\"inLanguage\":\"es\",\"potentialAction\":[{\"@type\":\"ReadAction\",\"target\":[\"https:\\\/\\\/roperpumps.com\\\/chemicals-market\\\/additives\\\/\"]}]},{\"@type\":\"ImageObject\",\"inLanguage\":\"es\",\"@id\":\"https:\\\/\\\/roperpumps.com\\\/chemicals-market\\\/additives\\\/#primaryimage\",\"url\":\"https:\\\/\\\/roperpumps.com\\\/wp-content\\\/uploads\\\/2024\\\/04\\\/V-Series-1024x731.png\",\"contentUrl\":\"https:\\\/\\\/roperpumps.com\\\/wp-content\\\/uploads\\\/2024\\\/04\\\/V-Series-1024x731.png\"},{\"@type\":\"BreadcrumbList\",\"@id\":\"https:\\\/\\\/roperpumps.com\\\/chemicals-market\\\/additives\\\/#breadcrumb\",\"itemListElement\":[{\"@type\":\"ListItem\",\"position\":1,\"name\":\"Home\",\"item\":\"https:\\\/\\\/roperpumps.com\\\/\"},{\"@type\":\"ListItem\",\"position\":2,\"name\":\"Chemicals Market\",\"item\":\"https:\\\/\\\/roperpumps.com\\\/chemicals-market\\\/\"},{\"@type\":\"ListItem\",\"position\":3,\"name\":\"Additives\"}]},{\"@type\":\"WebSite\",\"@id\":\"https:\\\/\\\/roperpumps.com\\\/#website\",\"url\":\"https:\\\/\\\/roperpumps.com\\\/\",\"name\":\"Roper Pump Company\",\"description\":\"Innovative pumping solutions for your most demanding applications\",\"publisher\":{\"@id\":\"https:\\\/\\\/roperpumps.com\\\/#organization\"},\"potentialAction\":[{\"@type\":\"SearchAction\",\"target\":{\"@type\":\"EntryPoint\",\"urlTemplate\":\"https:\\\/\\\/roperpumps.com\\\/?s={search_term_string}\"},\"query-input\":{\"@type\":\"PropertyValueSpecification\",\"valueRequired\":true,\"valueName\":\"search_term_string\"}}],\"inLanguage\":\"es\"},{\"@type\":\"Organization\",\"@id\":\"https:\\\/\\\/roperpumps.com\\\/#organization\",\"name\":\"Roper Pump Company\",\"url\":\"https:\\\/\\\/roperpumps.com\\\/\",\"logo\":{\"@type\":\"ImageObject\",\"inLanguage\":\"es\",\"@id\":\"https:\\\/\\\/roperpumps.com\\\/#\\\/schema\\\/logo\\\/image\\\/\",\"url\":\"https:\\\/\\\/roperpumps.com\\\/wp-content\\\/uploads\\\/2020\\\/04\\\/Roper_Logo2.png\",\"contentUrl\":\"https:\\\/\\\/roperpumps.com\\\/wp-content\\\/uploads\\\/2020\\\/04\\\/Roper_Logo2.png\",\"width\":1089,\"height\":507,\"caption\":\"Roper Pump Company\"},\"image\":{\"@id\":\"https:\\\/\\\/roperpumps.com\\\/#\\\/schema\\\/logo\\\/image\\\/\"}}]}<\/script>\n<!-- \/ Yoast SEO plugin. -->","yoast_head_json":{"title":"Additive Transfer in Chemical Market | Roper Pump Company","description":"Explore how Roper external gear pumps specialize in transferring additives to improve the properties of fuels, greases, and oils. These pumps easily handle a variety of viscosities.","robots":{"index":"index","follow":"follow","max-snippet":"max-snippet:-1","max-image-preview":"max-image-preview:large","max-video-preview":"max-video-preview:-1"},"canonical":"https:\/\/roperpumps.com\/es\/chemicals-market\/additives\/","og_locale":"es_MX","og_type":"article","og_title":"Additive Transfer in Chemical Market | Roper Pump Company","og_description":"Explore how Roper external gear pumps specialize in transferring additives to improve the properties of fuels, greases, and oils. These pumps easily handle a variety of viscosities.","og_url":"https:\/\/roperpumps.com\/es\/chemicals-market\/additives\/","og_site_name":"Roper Pump Company","article_modified_time":"2024-11-12T17:21:33+00:00","og_image":[{"url":"https:\/\/roperpumps.com\/wp-content\/uploads\/2024\/04\/V-Series-1024x731.png","type":"","width":"","height":""}],"twitter_card":"summary_large_image","twitter_misc":{"Tiempo de lectura":"2 minutos"},"schema":{"@context":"https:\/\/schema.org","@graph":[{"@type":"WebPage","@id":"https:\/\/roperpumps.com\/chemicals-market\/additives\/","url":"https:\/\/roperpumps.com\/chemicals-market\/additives\/","name":"Additive Transfer in Chemical Market | Roper Pump Company","isPartOf":{"@id":"https:\/\/roperpumps.com\/#website"},"primaryImageOfPage":{"@id":"https:\/\/roperpumps.com\/chemicals-market\/additives\/#primaryimage"},"image":{"@id":"https:\/\/roperpumps.com\/chemicals-market\/additives\/#primaryimage"},"thumbnailUrl":"https:\/\/roperpumps.com\/wp-content\/uploads\/2024\/04\/V-Series-1024x731.png","datePublished":"2024-04-11T13:55:53+00:00","dateModified":"2024-11-12T17:21:33+00:00","description":"Explore how Roper external gear pumps specialize in transferring additives to improve the properties of fuels, greases, and oils. These pumps easily handle a variety of viscosities.","breadcrumb":{"@id":"https:\/\/roperpumps.com\/chemicals-market\/additives\/#breadcrumb"},"inLanguage":"es","potentialAction":[{"@type":"ReadAction","target":["https:\/\/roperpumps.com\/chemicals-market\/additives\/"]}]},{"@type":"ImageObject","inLanguage":"es","@id":"https:\/\/roperpumps.com\/chemicals-market\/additives\/#primaryimage","url":"https:\/\/roperpumps.com\/wp-content\/uploads\/2024\/04\/V-Series-1024x731.png","contentUrl":"https:\/\/roperpumps.com\/wp-content\/uploads\/2024\/04\/V-Series-1024x731.png"},{"@type":"BreadcrumbList","@id":"https:\/\/roperpumps.com\/chemicals-market\/additives\/#breadcrumb","itemListElement":[{"@type":"ListItem","position":1,"name":"Home","item":"https:\/\/roperpumps.com\/"},{"@type":"ListItem","position":2,"name":"Chemicals Market","item":"https:\/\/roperpumps.com\/chemicals-market\/"},{"@type":"ListItem","position":3,"name":"Additives"}]},{"@type":"WebSite","@id":"https:\/\/roperpumps.com\/#website","url":"https:\/\/roperpumps.com\/","name":"Roper Pump Company","description":"Soluciones de bombeo innovadoras para sus aplicaciones m\u00e1s exigentes","publisher":{"@id":"https:\/\/roperpumps.com\/#organization"},"potentialAction":[{"@type":"SearchAction","target":{"@type":"EntryPoint","urlTemplate":"https:\/\/roperpumps.com\/?s={search_term_string}"},"query-input":{"@type":"PropertyValueSpecification","valueRequired":true,"valueName":"search_term_string"}}],"inLanguage":"es"},{"@type":"Organization","@id":"https:\/\/roperpumps.com\/#organization","name":"Roper Pump Company","url":"https:\/\/roperpumps.com\/","logo":{"@type":"ImageObject","inLanguage":"es","@id":"https:\/\/roperpumps.com\/#\/schema\/logo\/image\/","url":"https:\/\/roperpumps.com\/wp-content\/uploads\/2020\/04\/Roper_Logo2.png","contentUrl":"https:\/\/roperpumps.com\/wp-content\/uploads\/2020\/04\/Roper_Logo2.png","width":1089,"height":507,"caption":"Roper Pump Company"},"image":{"@id":"https:\/\/roperpumps.com\/#\/schema\/logo\/image\/"}}]}},"_links":{"self":[{"href":"https:\/\/roperpumps.com\/es\/wp-json\/wp\/v2\/pages\/6232","targetHints":{"allow":["GET"]}}],"collection":[{"href":"https:\/\/roperpumps.com\/es\/wp-json\/wp\/v2\/pages"}],"about":[{"href":"https:\/\/roperpumps.com\/es\/wp-json\/wp\/v2\/types\/page"}],"author":[{"embeddable":true,"href":"https:\/\/roperpumps.com\/es\/wp-json\/wp\/v2\/users\/10"}],"replies":[{"embeddable":true,"href":"https:\/\/roperpumps.com\/es\/wp-json\/wp\/v2\/comments?post=6232"}],"version-history":[{"count":10,"href":"https:\/\/roperpumps.com\/es\/wp-json\/wp\/v2\/pages\/6232\/revisions"}],"predecessor-version":[{"id":9504,"href":"https:\/\/roperpumps.com\/es\/wp-json\/wp\/v2\/pages\/6232\/revisions\/9504"}],"up":[{"embeddable":true,"href":"https:\/\/roperpumps.com\/es\/wp-json\/wp\/v2\/pages\/6351"}],"wp:attachment":[{"href":"https:\/\/roperpumps.com\/es\/wp-json\/wp\/v2\/media?parent=6232"}],"curies":[{"name":"wp","href":"https:\/\/api.w.org\/{rel}","templated":true}]}}