{"id":7192,"date":"2024-04-19T14:06:16","date_gmt":"2024-04-19T14:06:16","guid":{"rendered":"https:\/\/roperpumps.com\/?page_id=7192"},"modified":"2024-10-17T23:14:46","modified_gmt":"2024-10-17T23:14:46","slug":"tunnel-boring","status":"publish","type":"page","link":"https:\/\/roperpumps.com\/es\/mining-market\/tunnel-boring\/","title":{"rendered":"Perforaci\u00f3n de t\u00faneles"},"content":{"rendered":"<div data-elementor-type=\"wp-page\" data-elementor-id=\"7192\" class=\"elementor elementor-7192\" data-elementor-post-type=\"page\">\n\t\t\t\t\t\t<section data-particle_enable=\"false\" data-particle-mobile-disabled=\"false\" class=\"elementor-section elementor-top-section elementor-element elementor-element-9f48d9e elementor-section-height-min-height elementor-section-content-bottom elementor-section-boxed elementor-section-height-default elementor-section-items-middle\" data-id=\"9f48d9e\" data-element_type=\"section\" data-e-type=\"section\" data-settings=\"{&quot;background_background&quot;:&quot;classic&quot;}\">\n\t\t\t\t\t\t<div class=\"elementor-container elementor-column-gap-default\">\n\t\t\t\t\t<div class=\"elementor-column elementor-col-100 elementor-top-column elementor-element elementor-element-ac8ad66\" data-id=\"ac8ad66\" data-element_type=\"column\" data-e-type=\"column\">\n\t\t\t<div class=\"elementor-widget-wrap elementor-element-populated\">\n\t\t\t\t\t\t<div class=\"elementor-element elementor-element-36a64b9 elementor-widget elementor-widget-heading\" data-id=\"36a64b9\" data-element_type=\"widget\" data-e-type=\"widget\" data-widget_type=\"heading.default\">\n\t\t\t\t<div class=\"elementor-widget-container\">\n\t\t\t\t\t<h2 class=\"elementor-heading-title elementor-size-default\">Miner\u00eda<\/h2>\t\t\t\t<\/div>\n\t\t\t\t<\/div>\n\t\t\t\t\t<\/div>\n\t\t<\/div>\n\t\t\t\t\t<\/div>\n\t\t<\/section>\n\t\t\t\t<section data-particle_enable=\"false\" data-particle-mobile-disabled=\"false\" class=\"elementor-section elementor-top-section elementor-element elementor-element-ea70c17 elementor-section-boxed elementor-section-height-default elementor-section-height-default\" data-id=\"ea70c17\" data-element_type=\"section\" data-e-type=\"section\">\n\t\t\t\t\t\t<div class=\"elementor-container elementor-column-gap-default\">\n\t\t\t\t\t<div class=\"elementor-column elementor-col-50 elementor-top-column elementor-element elementor-element-15b5c93\" data-id=\"15b5c93\" data-element_type=\"column\" data-e-type=\"column\">\n\t\t\t<div class=\"elementor-widget-wrap elementor-element-populated\">\n\t\t\t\t\t\t<div class=\"elementor-element elementor-element-db4809f elementor-widget elementor-widget-heading\" data-id=\"db4809f\" data-element_type=\"widget\" data-e-type=\"widget\" data-widget_type=\"heading.default\">\n\t\t\t\t<div class=\"elementor-widget-container\">\n\t\t\t\t\t<h1 class=\"elementor-heading-title elementor-size-default\">Perforaci\u00f3n de t\u00faneles<\/h1>\t\t\t\t<\/div>\n\t\t\t\t<\/div>\n\t\t\t\t<div class=\"elementor-element elementor-element-5c46d49 elementor-widget elementor-widget-text-editor\" data-id=\"5c46d49\" data-element_type=\"widget\" data-e-type=\"widget\" data-widget_type=\"text-editor.default\">\n\t\t\t\t<div class=\"elementor-widget-container\">\n\t\t\t\t\t\t\t\t\t<p>Las bombas de engranajes externos desempe\u00f1an funciones vitales en aplicaciones de perforaci\u00f3n de t\u00faneles en la industria minera, lubricaci\u00f3n, refrigeraci\u00f3n y apoyo a sistemas auxiliares y de emergencia. Suministran lubricaci\u00f3n para reducir la fricci\u00f3n y hacen circular refrigerante para controlar la temperatura.<\/p>\t\t\t\t\t\t\t\t<\/div>\n\t\t\t\t<\/div>\n\t\t\t\t<div class=\"elementor-element elementor-element-32278c4 elementor-widget elementor-widget-heading\" data-id=\"32278c4\" data-element_type=\"widget\" data-e-type=\"widget\" data-widget_type=\"heading.default\">\n\t\t\t\t<div class=\"elementor-widget-container\">\n\t\t\t\t\t<h2 class=\"elementor-heading-title elementor-size-default\">Bombas destacadas<\/h2>\t\t\t\t<\/div>\n\t\t\t\t<\/div>\n\t\t\t\t<section data-particle_enable=\"false\" data-particle-mobile-disabled=\"false\" class=\"elementor-section elementor-inner-section elementor-element elementor-element-9fc6b0a elementor-reverse-mobile elementor-section-boxed elementor-section-height-default elementor-section-height-default\" data-id=\"9fc6b0a\" data-element_type=\"section\" data-e-type=\"section\" data-settings=\"{&quot;background_background&quot;:&quot;classic&quot;}\">\n\t\t\t\t\t\t<div class=\"elementor-container elementor-column-gap-default\">\n\t\t\t\t\t<div class=\"elementor-column elementor-col-50 elementor-inner-column elementor-element elementor-element-8e28d41\" data-id=\"8e28d41\" data-element_type=\"column\" data-e-type=\"column\" data-settings=\"{&quot;background_background&quot;:&quot;classic&quot;}\">\n\t\t\t<div class=\"elementor-widget-wrap elementor-element-populated\">\n\t\t\t\t\t\t<div class=\"elementor-element elementor-element-786e4f1 elementor-widget elementor-widget-heading\" data-id=\"786e4f1\" data-element_type=\"widget\" data-e-type=\"widget\" data-widget_type=\"heading.default\">\n\t\t\t\t<div class=\"elementor-widget-container\">\n\t\t\t\t\t<h2 class=\"elementor-heading-title elementor-size-default\">Serie 3600<\/h2>\t\t\t\t<\/div>\n\t\t\t\t<\/div>\n\t\t\t\t<div class=\"elementor-element elementor-element-e6ddbc1 elementor-widget elementor-widget-text-editor\" data-id=\"e6ddbc1\" data-element_type=\"widget\" data-e-type=\"widget\" data-widget_type=\"text-editor.default\">\n\t\t\t\t<div class=\"elementor-widget-container\">\n\t\t\t\t\t\t\t\t\t<ul><li>Hasta 468 GPM - Hasta 125 PSI<\/li><li>Compatible con aplicaciones abrasivas<\/li><li>Internos endurecidos<\/li><li>Revestimiento opcional<\/li><li>M\u00faltiples tama\u00f1os disponibles<\/li><li>Opciones configurables de sellado\/empaquetado<\/li><li>Sello de cartucho compatible<\/li><li>Configuraciones personalizadas disponibles (por ejemplo, caja 22 con engranaje de tama\u00f1o 11)<\/li><\/ul>\t\t\t\t\t\t\t\t<\/div>\n\t\t\t\t<\/div>\n\t\t\t\t\t<\/div>\n\t\t<\/div>\n\t\t\t\t<div class=\"elementor-column elementor-col-50 elementor-inner-column elementor-element elementor-element-03695fc\" data-id=\"03695fc\" data-element_type=\"column\" data-e-type=\"column\">\n\t\t\t<div class=\"elementor-widget-wrap elementor-element-populated\">\n\t\t\t\t\t\t<div class=\"elementor-element elementor-element-fa8e8c7 elementor-widget elementor-widget-image\" data-id=\"fa8e8c7\" data-element_type=\"widget\" data-e-type=\"widget\" data-widget_type=\"image.default\">\n\t\t\t\t<div class=\"elementor-widget-container\">\n\t\t\t\t\t\t\t\t\t\t\t\t\t\t\t<img fetchpriority=\"high\" decoding=\"async\" width=\"1000\" height=\"714\" src=\"https:\/\/roperpumps.com\/wp-content\/uploads\/2024\/04\/3600-e1604496837351.png\" class=\"attachment-large size-large wp-image-6136\" alt=\"3600 EVO Series Pump\" srcset=\"https:\/\/roperpumps.com\/wp-content\/uploads\/2024\/04\/3600-e1604496837351.png 1000w, https:\/\/roperpumps.com\/wp-content\/uploads\/2024\/04\/3600-e1604496837351-300x214.png 300w, https:\/\/roperpumps.com\/wp-content\/uploads\/2024\/04\/3600-e1604496837351-768x548.png 768w\" sizes=\"(max-width: 1000px) 100vw, 1000px\" \/>\t\t\t\t\t\t\t\t\t\t\t\t\t\t\t<\/div>\n\t\t\t\t<\/div>\n\t\t\t\t<div class=\"elementor-element elementor-element-1bd7cd9 elementor-align-center elementor-widget elementor-widget-button\" data-id=\"1bd7cd9\" data-element_type=\"widget\" data-e-type=\"widget\" data-widget_type=\"button.default\">\n\t\t\t\t<div class=\"elementor-widget-container\">\n\t\t\t\t\t\t\t\t\t<div class=\"elementor-button-wrapper\">\n\t\t\t\t\t<a class=\"elementor-button elementor-button-link elementor-size-sm\" href=\"https:\/\/vx3.856.myftpupload.com\/3600-2\/\">\n\t\t\t\t\t\t<span class=\"elementor-button-content-wrapper\">\n\t\t\t\t\t\t\t\t\t<span class=\"elementor-button-text\">Visitar la p\u00e1gina de la bomba<\/span>\n\t\t\t\t\t<\/span>\n\t\t\t\t\t<\/a>\n\t\t\t\t<\/div>\n\t\t\t\t\t\t\t\t<\/div>\n\t\t\t\t<\/div>\n\t\t\t\t\t<\/div>\n\t\t<\/div>\n\t\t\t\t\t<\/div>\n\t\t<\/section>\n\t\t\t\t<section data-particle_enable=\"false\" data-particle-mobile-disabled=\"false\" class=\"elementor-section elementor-inner-section elementor-element elementor-element-ab6838e elementor-reverse-mobile elementor-section-boxed elementor-section-height-default elementor-section-height-default\" data-id=\"ab6838e\" data-element_type=\"section\" data-e-type=\"section\" data-settings=\"{&quot;background_background&quot;:&quot;classic&quot;}\">\n\t\t\t\t\t\t<div class=\"elementor-container elementor-column-gap-default\">\n\t\t\t\t\t<div class=\"elementor-column elementor-col-50 elementor-inner-column elementor-element elementor-element-7fcccac\" data-id=\"7fcccac\" data-element_type=\"column\" data-e-type=\"column\" data-settings=\"{&quot;background_background&quot;:&quot;classic&quot;}\">\n\t\t\t<div class=\"elementor-widget-wrap elementor-element-populated\">\n\t\t\t\t\t\t<div class=\"elementor-element elementor-element-61c2717 elementor-widget elementor-widget-heading\" data-id=\"61c2717\" data-element_type=\"widget\" data-e-type=\"widget\" data-widget_type=\"heading.default\">\n\t\t\t\t<div class=\"elementor-widget-container\">\n\t\t\t\t\t<h2 class=\"elementor-heading-title elementor-size-default\">Serie A<\/h2>\t\t\t\t<\/div>\n\t\t\t\t<\/div>\n\t\t\t\t<div class=\"elementor-element elementor-element-3cccd1f elementor-widget elementor-widget-text-editor\" data-id=\"3cccd1f\" data-element_type=\"widget\" data-e-type=\"widget\" data-widget_type=\"text-editor.default\">\n\t\t\t\t<div class=\"elementor-widget-container\">\n\t\t\t\t\t\t\t\t\t<ul><li>Hasta 75,6 GPM - Hasta 300 PSI<br \/>12 tallas disponibles<\/li><li>Opciones configurables de sellado\/buje<\/li><li>Opci\u00f3n de acoplamiento compacto<\/li><li>Compatible con fluidos abrasivos<\/li><li>Opci\u00f3n d\u00factil<\/li><\/ul>\t\t\t\t\t\t\t\t<\/div>\n\t\t\t\t<\/div>\n\t\t\t\t\t<\/div>\n\t\t<\/div>\n\t\t\t\t<div class=\"elementor-column elementor-col-50 elementor-inner-column elementor-element elementor-element-a75834e\" data-id=\"a75834e\" data-element_type=\"column\" data-e-type=\"column\">\n\t\t\t<div class=\"elementor-widget-wrap elementor-element-populated\">\n\t\t\t\t\t\t<div class=\"elementor-element elementor-element-6174202 elementor-widget elementor-widget-image\" data-id=\"6174202\" data-element_type=\"widget\" data-e-type=\"widget\" data-widget_type=\"image.default\">\n\t\t\t\t<div class=\"elementor-widget-container\">\n\t\t\t\t\t\t\t\t\t\t\t\t\t\t\t<img decoding=\"async\" width=\"1024\" height=\"731\" src=\"https:\/\/roperpumps.com\/wp-content\/uploads\/2024\/04\/A-Series-1024x731.png\" class=\"attachment-large size-large wp-image-5880\" alt=\"A series pump\" srcset=\"https:\/\/roperpumps.com\/wp-content\/uploads\/2024\/04\/A-Series-1024x731.png 1024w, https:\/\/roperpumps.com\/wp-content\/uploads\/2024\/04\/A-Series-300x214.png 300w, https:\/\/roperpumps.com\/wp-content\/uploads\/2024\/04\/A-Series-768x549.png 768w, https:\/\/roperpumps.com\/wp-content\/uploads\/2024\/04\/A-Series-1536x1097.png 1536w, https:\/\/roperpumps.com\/wp-content\/uploads\/2024\/04\/A-Series-2048x1463.png 2048w\" sizes=\"(max-width: 1024px) 100vw, 1024px\" \/>\t\t\t\t\t\t\t\t\t\t\t\t\t\t\t<\/div>\n\t\t\t\t<\/div>\n\t\t\t\t<div class=\"elementor-element elementor-element-446819a elementor-align-center elementor-widget elementor-widget-button\" data-id=\"446819a\" data-element_type=\"widget\" data-e-type=\"widget\" data-widget_type=\"button.default\">\n\t\t\t\t<div class=\"elementor-widget-container\">\n\t\t\t\t\t\t\t\t\t<div class=\"elementor-button-wrapper\">\n\t\t\t\t\t<a class=\"elementor-button elementor-button-link elementor-size-sm\" href=\"https:\/\/vx3.856.myftpupload.com\/a-series\/\">\n\t\t\t\t\t\t<span class=\"elementor-button-content-wrapper\">\n\t\t\t\t\t\t\t\t\t<span class=\"elementor-button-text\">Visitar la p\u00e1gina de la bomba<\/span>\n\t\t\t\t\t<\/span>\n\t\t\t\t\t<\/a>\n\t\t\t\t<\/div>\n\t\t\t\t\t\t\t\t<\/div>\n\t\t\t\t<\/div>\n\t\t\t\t\t<\/div>\n\t\t<\/div>\n\t\t\t\t\t<\/div>\n\t\t<\/section>\n\t\t\t\t\t<\/div>\n\t\t<\/div>\n\t\t\t\t<div class=\"elementor-column elementor-col-50 elementor-top-column elementor-element elementor-element-211e858\" data-id=\"211e858\" data-element_type=\"column\" data-e-type=\"column\">\n\t\t\t<div class=\"elementor-widget-wrap elementor-element-populated\">\n\t\t\t\t\t\t<div class=\"elementor-element elementor-element-19b5a35 elementor-widget elementor-widget-html\" data-id=\"19b5a35\" data-element_type=\"widget\" data-e-type=\"widget\" data-widget_type=\"html.default\">\n\t\t\t\t<div class=\"elementor-widget-container\">\n\t\t\t\t\t<div class=\"pipedriveWebForms\" data-pd-webforms=\"https:\/\/webforms.pipedrive.com\/f\/bXu4gQffI1PPN0dSpgXBpJZtCQdIEtOm2vbzKYqQBIrmqSoIRazivAmBuTphKHr1iX\"><script src=\"https:\/\/webforms.pipedrive.com\/f\/loader\"><\/script><\/div>\t\t\t\t<\/div>\n\t\t\t\t<\/div>\n\t\t\t\t\t<\/div>\n\t\t<\/div>\n\t\t\t\t\t<\/div>\n\t\t<\/section>\n\t\t\t\t<\/div>","protected":false},"excerpt":{"rendered":"<p>Mining Tunnel Boring External gear pumps play vital roles in tunnel boring applications in the mining industry, lubrication, cooling, and support for auxiliary and emergency systems. They supply lubrication to reduce friction and circulate coolant for temperature control. Featured Pumps 3600 Series Up to 468 GPM \u2013 Up to 125 PSI Compatible With Abrasive applications [&hellip;]<\/p>\n","protected":false},"author":10,"featured_media":0,"parent":7137,"menu_order":0,"comment_status":"closed","ping_status":"closed","template":"elementor_header_footer","meta":{"content-type":"","site-sidebar-layout":"no-sidebar","site-content-layout":"page-builder","ast-site-content-layout":"full-width-container","site-content-style":"default","site-sidebar-style":"default","ast-global-header-display":"","ast-banner-title-visibility":"","ast-main-header-display":"","ast-hfb-above-header-display":"","ast-hfb-below-header-display":"","ast-hfb-mobile-header-display":"","site-post-title":"disabled","ast-breadcrumbs-content":"","ast-featured-img":"disabled","footer-sml-layout":"","ast-disable-related-posts":"","theme-transparent-header-meta":"","adv-header-id-meta":"","stick-header-meta":"","header-above-stick-meta":"","header-main-stick-meta":"","header-below-stick-meta":"","astra-migrate-meta-layouts":"set","ast-page-background-enabled":"default","ast-page-background-meta":{"desktop":{"background-color":"var(--ast-global-color-4)","background-image":"","background-repeat":"repeat","background-position":"center center","background-size":"auto","background-attachment":"scroll","background-type":"","background-media":"","overlay-type":"","overlay-color":"","overlay-opacity":"","overlay-gradient":""},"tablet":{"background-color":"","background-image":"","background-repeat":"repeat","background-position":"center center","background-size":"auto","background-attachment":"scroll","background-type":"","background-media":"","overlay-type":"","overlay-color":"","overlay-opacity":"","overlay-gradient":""},"mobile":{"background-color":"","background-image":"","background-repeat":"repeat","background-position":"center center","background-size":"auto","background-attachment":"scroll","background-type":"","background-media":"","overlay-type":"","overlay-color":"","overlay-opacity":"","overlay-gradient":""}},"ast-content-background-meta":{"desktop":{"background-color":"var(--ast-global-color-5)","background-image":"","background-repeat":"repeat","background-position":"center center","background-size":"auto","background-attachment":"scroll","background-type":"","background-media":"","overlay-type":"","overlay-color":"","overlay-opacity":"","overlay-gradient":""},"tablet":{"background-color":"var(--ast-global-color-5)","background-image":"","background-repeat":"repeat","background-position":"center center","background-size":"auto","background-attachment":"scroll","background-type":"","background-media":"","overlay-type":"","overlay-color":"","overlay-opacity":"","overlay-gradient":""},"mobile":{"background-color":"var(--ast-global-color-5)","background-image":"","background-repeat":"repeat","background-position":"center center","background-size":"auto","background-attachment":"scroll","background-type":"","background-media":"","overlay-type":"","overlay-color":"","overlay-opacity":"","overlay-gradient":""}},"footnotes":""},"class_list":["post-7192","page","type-page","status-publish","hentry"],"yoast_head":"<!-- This site is optimized with the Yoast SEO plugin v27.5 - https:\/\/yoast.com\/product\/yoast-seo-wordpress\/ -->\n<title>Pump Usage in Tunnel Boring Applications | Roper Pump Company<\/title>\n<meta name=\"description\" content=\"Explore the vital role of Roper external gear pumps for tunnel boring applications in the mining industry. They supply lubrication, cooling, and support for various systems.\" \/>\n<meta name=\"robots\" content=\"index, follow, max-snippet:-1, max-image-preview:large, max-video-preview:-1\" \/>\n<link rel=\"canonical\" href=\"https:\/\/roperpumps.com\/es\/mining-market\/tunnel-boring\/\" \/>\n<meta property=\"og:locale\" content=\"es_MX\" \/>\n<meta property=\"og:type\" content=\"article\" \/>\n<meta property=\"og:title\" content=\"Pump Usage in Tunnel Boring Applications | Roper Pump Company\" \/>\n<meta property=\"og:description\" content=\"Explore the vital role of Roper external gear pumps for tunnel boring applications in the mining industry. They supply lubrication, cooling, and support for various systems.\" \/>\n<meta property=\"og:url\" content=\"https:\/\/roperpumps.com\/es\/mining-market\/tunnel-boring\/\" \/>\n<meta property=\"og:site_name\" content=\"Roper Pump Company\" \/>\n<meta property=\"article:modified_time\" content=\"2024-10-17T23:14:46+00:00\" \/>\n<meta property=\"og:image\" content=\"https:\/\/roperpumps.com\/wp-content\/uploads\/2024\/04\/3600-e1604496837351.png\" \/>\n<meta name=\"twitter:card\" content=\"summary_large_image\" \/>\n<meta name=\"twitter:label1\" content=\"Tiempo de lectura\" \/>\n\t<meta name=\"twitter:data1\" content=\"1 minuto\" \/>\n<script type=\"application\/ld+json\" class=\"yoast-schema-graph\">{\"@context\":\"https:\\\/\\\/schema.org\",\"@graph\":[{\"@type\":\"WebPage\",\"@id\":\"https:\\\/\\\/roperpumps.com\\\/mining-market\\\/tunnel-boring\\\/\",\"url\":\"https:\\\/\\\/roperpumps.com\\\/mining-market\\\/tunnel-boring\\\/\",\"name\":\"Pump Usage in Tunnel Boring Applications | Roper Pump Company\",\"isPartOf\":{\"@id\":\"https:\\\/\\\/roperpumps.com\\\/#website\"},\"primaryImageOfPage\":{\"@id\":\"https:\\\/\\\/roperpumps.com\\\/mining-market\\\/tunnel-boring\\\/#primaryimage\"},\"image\":{\"@id\":\"https:\\\/\\\/roperpumps.com\\\/mining-market\\\/tunnel-boring\\\/#primaryimage\"},\"thumbnailUrl\":\"https:\\\/\\\/roperpumps.com\\\/wp-content\\\/uploads\\\/2024\\\/04\\\/3600-e1604496837351.png\",\"datePublished\":\"2024-04-19T14:06:16+00:00\",\"dateModified\":\"2024-10-17T23:14:46+00:00\",\"description\":\"Explore the vital role of Roper external gear pumps for tunnel boring applications in the mining industry. They supply lubrication, cooling, and support for various systems.\",\"breadcrumb\":{\"@id\":\"https:\\\/\\\/roperpumps.com\\\/mining-market\\\/tunnel-boring\\\/#breadcrumb\"},\"inLanguage\":\"es\",\"potentialAction\":[{\"@type\":\"ReadAction\",\"target\":[\"https:\\\/\\\/roperpumps.com\\\/mining-market\\\/tunnel-boring\\\/\"]}]},{\"@type\":\"ImageObject\",\"inLanguage\":\"es\",\"@id\":\"https:\\\/\\\/roperpumps.com\\\/mining-market\\\/tunnel-boring\\\/#primaryimage\",\"url\":\"https:\\\/\\\/roperpumps.com\\\/wp-content\\\/uploads\\\/2024\\\/04\\\/3600-e1604496837351.png\",\"contentUrl\":\"https:\\\/\\\/roperpumps.com\\\/wp-content\\\/uploads\\\/2024\\\/04\\\/3600-e1604496837351.png\"},{\"@type\":\"BreadcrumbList\",\"@id\":\"https:\\\/\\\/roperpumps.com\\\/mining-market\\\/tunnel-boring\\\/#breadcrumb\",\"itemListElement\":[{\"@type\":\"ListItem\",\"position\":1,\"name\":\"Home\",\"item\":\"https:\\\/\\\/roperpumps.com\\\/\"},{\"@type\":\"ListItem\",\"position\":2,\"name\":\"Mining Market\",\"item\":\"https:\\\/\\\/roperpumps.com\\\/mining-market\\\/\"},{\"@type\":\"ListItem\",\"position\":3,\"name\":\"Tunnel Boring\"}]},{\"@type\":\"WebSite\",\"@id\":\"https:\\\/\\\/roperpumps.com\\\/#website\",\"url\":\"https:\\\/\\\/roperpumps.com\\\/\",\"name\":\"Roper Pump Company\",\"description\":\"Innovative pumping solutions for your most demanding applications\",\"publisher\":{\"@id\":\"https:\\\/\\\/roperpumps.com\\\/#organization\"},\"potentialAction\":[{\"@type\":\"SearchAction\",\"target\":{\"@type\":\"EntryPoint\",\"urlTemplate\":\"https:\\\/\\\/roperpumps.com\\\/?s={search_term_string}\"},\"query-input\":{\"@type\":\"PropertyValueSpecification\",\"valueRequired\":true,\"valueName\":\"search_term_string\"}}],\"inLanguage\":\"es\"},{\"@type\":\"Organization\",\"@id\":\"https:\\\/\\\/roperpumps.com\\\/#organization\",\"name\":\"Roper Pump Company\",\"url\":\"https:\\\/\\\/roperpumps.com\\\/\",\"logo\":{\"@type\":\"ImageObject\",\"inLanguage\":\"es\",\"@id\":\"https:\\\/\\\/roperpumps.com\\\/#\\\/schema\\\/logo\\\/image\\\/\",\"url\":\"https:\\\/\\\/roperpumps.com\\\/wp-content\\\/uploads\\\/2020\\\/04\\\/Roper_Logo2.png\",\"contentUrl\":\"https:\\\/\\\/roperpumps.com\\\/wp-content\\\/uploads\\\/2020\\\/04\\\/Roper_Logo2.png\",\"width\":1089,\"height\":507,\"caption\":\"Roper Pump Company\"},\"image\":{\"@id\":\"https:\\\/\\\/roperpumps.com\\\/#\\\/schema\\\/logo\\\/image\\\/\"}}]}<\/script>\n<!-- \/ Yoast SEO plugin. -->","yoast_head_json":{"title":"Pump Usage in Tunnel Boring Applications | Roper Pump Company","description":"Explore the vital role of Roper external gear pumps for tunnel boring applications in the mining industry. They supply lubrication, cooling, and support for various systems.","robots":{"index":"index","follow":"follow","max-snippet":"max-snippet:-1","max-image-preview":"max-image-preview:large","max-video-preview":"max-video-preview:-1"},"canonical":"https:\/\/roperpumps.com\/es\/mining-market\/tunnel-boring\/","og_locale":"es_MX","og_type":"article","og_title":"Pump Usage in Tunnel Boring Applications | Roper Pump Company","og_description":"Explore the vital role of Roper external gear pumps for tunnel boring applications in the mining industry. They supply lubrication, cooling, and support for various systems.","og_url":"https:\/\/roperpumps.com\/es\/mining-market\/tunnel-boring\/","og_site_name":"Roper Pump Company","article_modified_time":"2024-10-17T23:14:46+00:00","og_image":[{"url":"https:\/\/roperpumps.com\/wp-content\/uploads\/2024\/04\/3600-e1604496837351.png","type":"","width":"","height":""}],"twitter_card":"summary_large_image","twitter_misc":{"Tiempo de lectura":"1 minuto"},"schema":{"@context":"https:\/\/schema.org","@graph":[{"@type":"WebPage","@id":"https:\/\/roperpumps.com\/mining-market\/tunnel-boring\/","url":"https:\/\/roperpumps.com\/mining-market\/tunnel-boring\/","name":"Pump Usage in Tunnel Boring Applications | Roper Pump Company","isPartOf":{"@id":"https:\/\/roperpumps.com\/#website"},"primaryImageOfPage":{"@id":"https:\/\/roperpumps.com\/mining-market\/tunnel-boring\/#primaryimage"},"image":{"@id":"https:\/\/roperpumps.com\/mining-market\/tunnel-boring\/#primaryimage"},"thumbnailUrl":"https:\/\/roperpumps.com\/wp-content\/uploads\/2024\/04\/3600-e1604496837351.png","datePublished":"2024-04-19T14:06:16+00:00","dateModified":"2024-10-17T23:14:46+00:00","description":"Explore the vital role of Roper external gear pumps for tunnel boring applications in the mining industry. They supply lubrication, cooling, and support for various systems.","breadcrumb":{"@id":"https:\/\/roperpumps.com\/mining-market\/tunnel-boring\/#breadcrumb"},"inLanguage":"es","potentialAction":[{"@type":"ReadAction","target":["https:\/\/roperpumps.com\/mining-market\/tunnel-boring\/"]}]},{"@type":"ImageObject","inLanguage":"es","@id":"https:\/\/roperpumps.com\/mining-market\/tunnel-boring\/#primaryimage","url":"https:\/\/roperpumps.com\/wp-content\/uploads\/2024\/04\/3600-e1604496837351.png","contentUrl":"https:\/\/roperpumps.com\/wp-content\/uploads\/2024\/04\/3600-e1604496837351.png"},{"@type":"BreadcrumbList","@id":"https:\/\/roperpumps.com\/mining-market\/tunnel-boring\/#breadcrumb","itemListElement":[{"@type":"ListItem","position":1,"name":"Home","item":"https:\/\/roperpumps.com\/"},{"@type":"ListItem","position":2,"name":"Mining Market","item":"https:\/\/roperpumps.com\/mining-market\/"},{"@type":"ListItem","position":3,"name":"Tunnel Boring"}]},{"@type":"WebSite","@id":"https:\/\/roperpumps.com\/#website","url":"https:\/\/roperpumps.com\/","name":"Roper Pump Company","description":"Soluciones de bombeo innovadoras para sus aplicaciones m\u00e1s exigentes","publisher":{"@id":"https:\/\/roperpumps.com\/#organization"},"potentialAction":[{"@type":"SearchAction","target":{"@type":"EntryPoint","urlTemplate":"https:\/\/roperpumps.com\/?s={search_term_string}"},"query-input":{"@type":"PropertyValueSpecification","valueRequired":true,"valueName":"search_term_string"}}],"inLanguage":"es"},{"@type":"Organization","@id":"https:\/\/roperpumps.com\/#organization","name":"Roper Pump Company","url":"https:\/\/roperpumps.com\/","logo":{"@type":"ImageObject","inLanguage":"es","@id":"https:\/\/roperpumps.com\/#\/schema\/logo\/image\/","url":"https:\/\/roperpumps.com\/wp-content\/uploads\/2020\/04\/Roper_Logo2.png","contentUrl":"https:\/\/roperpumps.com\/wp-content\/uploads\/2020\/04\/Roper_Logo2.png","width":1089,"height":507,"caption":"Roper Pump Company"},"image":{"@id":"https:\/\/roperpumps.com\/#\/schema\/logo\/image\/"}}]}},"_links":{"self":[{"href":"https:\/\/roperpumps.com\/es\/wp-json\/wp\/v2\/pages\/7192","targetHints":{"allow":["GET"]}}],"collection":[{"href":"https:\/\/roperpumps.com\/es\/wp-json\/wp\/v2\/pages"}],"about":[{"href":"https:\/\/roperpumps.com\/es\/wp-json\/wp\/v2\/types\/page"}],"author":[{"embeddable":true,"href":"https:\/\/roperpumps.com\/es\/wp-json\/wp\/v2\/users\/10"}],"replies":[{"embeddable":true,"href":"https:\/\/roperpumps.com\/es\/wp-json\/wp\/v2\/comments?post=7192"}],"version-history":[{"count":10,"href":"https:\/\/roperpumps.com\/es\/wp-json\/wp\/v2\/pages\/7192\/revisions"}],"predecessor-version":[{"id":9600,"href":"https:\/\/roperpumps.com\/es\/wp-json\/wp\/v2\/pages\/7192\/revisions\/9600"}],"up":[{"embeddable":true,"href":"https:\/\/roperpumps.com\/es\/wp-json\/wp\/v2\/pages\/7137"}],"wp:attachment":[{"href":"https:\/\/roperpumps.com\/es\/wp-json\/wp\/v2\/media?parent=7192"}],"curies":[{"name":"wp","href":"https:\/\/api.w.org\/{rel}","templated":true}]}}