{"id":7751,"date":"2024-06-04T13:28:01","date_gmt":"2024-06-04T13:28:01","guid":{"rendered":"https:\/\/roperpumps.com\/?page_id=7751"},"modified":"2024-10-17T22:50:33","modified_gmt":"2024-10-17T22:50:33","slug":"soaps-surfactant","status":"publish","type":"page","link":"https:\/\/roperpumps.com\/es\/chemicals-market\/soaps-surfactant\/","title":{"rendered":"Jabones y tensioactivos"},"content":{"rendered":"<div data-elementor-type=\"wp-page\" data-elementor-id=\"7751\" class=\"elementor elementor-7751\" data-elementor-post-type=\"page\">\n\t\t\t\t\t\t<section data-particle_enable=\"false\" data-particle-mobile-disabled=\"false\" class=\"elementor-section elementor-top-section elementor-element elementor-element-9f48d9e elementor-section-height-min-height elementor-section-content-bottom elementor-section-boxed elementor-section-height-default elementor-section-items-middle\" data-id=\"9f48d9e\" data-element_type=\"section\" data-e-type=\"section\" data-settings=\"{&quot;background_background&quot;:&quot;classic&quot;}\">\n\t\t\t\t\t\t<div class=\"elementor-container elementor-column-gap-default\">\n\t\t\t\t\t<div class=\"elementor-column elementor-col-100 elementor-top-column elementor-element elementor-element-ac8ad66\" data-id=\"ac8ad66\" data-element_type=\"column\" data-e-type=\"column\">\n\t\t\t<div class=\"elementor-widget-wrap elementor-element-populated\">\n\t\t\t\t\t\t<div class=\"elementor-element elementor-element-36a64b9 elementor-widget elementor-widget-heading\" data-id=\"36a64b9\" data-element_type=\"widget\" data-e-type=\"widget\" data-widget_type=\"heading.default\">\n\t\t\t\t<div class=\"elementor-widget-container\">\n\t\t\t\t\t<h2 class=\"elementor-heading-title elementor-size-default\">Productos qu\u00edmicos<\/h2>\t\t\t\t<\/div>\n\t\t\t\t<\/div>\n\t\t\t\t\t<\/div>\n\t\t<\/div>\n\t\t\t\t\t<\/div>\n\t\t<\/section>\n\t\t\t\t<section data-particle_enable=\"false\" data-particle-mobile-disabled=\"false\" class=\"elementor-section elementor-top-section elementor-element elementor-element-ea70c17 elementor-section-boxed elementor-section-height-default elementor-section-height-default\" data-id=\"ea70c17\" data-element_type=\"section\" data-e-type=\"section\">\n\t\t\t\t\t\t<div class=\"elementor-container elementor-column-gap-default\">\n\t\t\t\t\t<div class=\"elementor-column elementor-col-50 elementor-top-column elementor-element elementor-element-15b5c93\" data-id=\"15b5c93\" data-element_type=\"column\" data-e-type=\"column\">\n\t\t\t<div class=\"elementor-widget-wrap elementor-element-populated\">\n\t\t\t\t\t\t<div class=\"elementor-element elementor-element-db4809f elementor-widget elementor-widget-heading\" data-id=\"db4809f\" data-element_type=\"widget\" data-e-type=\"widget\" data-widget_type=\"heading.default\">\n\t\t\t\t<div class=\"elementor-widget-container\">\n\t\t\t\t\t<h1 class=\"elementor-heading-title elementor-size-default\">Jabones y tensioactivos<\/h1>\t\t\t\t<\/div>\n\t\t\t\t<\/div>\n\t\t\t\t<div class=\"elementor-element elementor-element-5c46d49 elementor-widget elementor-widget-text-editor\" data-id=\"5c46d49\" data-element_type=\"widget\" data-e-type=\"widget\" data-widget_type=\"text-editor.default\">\n\t\t\t\t<div class=\"elementor-widget-container\">\n\t\t\t\t\t\t\t\t\t<p>Las bombas Roper, id\u00f3neas para facilitar el trasvase de diversas formaciones l\u00edquidas utilizadas en la manipulaci\u00f3n de jab\u00f3n, son opciones habituales para aplicaciones en la producci\u00f3n de jabones y tensioactivos. Estas bombas son conocidas por su fiabilidad y capacidad para manipular materias primas como aceites, grasas y tensioactivos.<\/p>\t\t\t\t\t\t\t\t<\/div>\n\t\t\t\t<\/div>\n\t\t\t\t<div class=\"elementor-element elementor-element-32278c4 elementor-widget elementor-widget-heading\" data-id=\"32278c4\" data-element_type=\"widget\" data-e-type=\"widget\" data-widget_type=\"heading.default\">\n\t\t\t\t<div class=\"elementor-widget-container\">\n\t\t\t\t\t<h2 class=\"elementor-heading-title elementor-size-default\">Bombas destacadas<\/h2>\t\t\t\t<\/div>\n\t\t\t\t<\/div>\n\t\t\t\t<section data-particle_enable=\"false\" data-particle-mobile-disabled=\"false\" class=\"elementor-section elementor-inner-section elementor-element elementor-element-87fda47 elementor-reverse-mobile elementor-section-boxed elementor-section-height-default elementor-section-height-default\" data-id=\"87fda47\" data-element_type=\"section\" data-e-type=\"section\" data-settings=\"{&quot;background_background&quot;:&quot;classic&quot;}\">\n\t\t\t\t\t\t<div class=\"elementor-container elementor-column-gap-default\">\n\t\t\t\t\t<div class=\"elementor-column elementor-col-50 elementor-inner-column elementor-element elementor-element-16a456a\" data-id=\"16a456a\" data-element_type=\"column\" data-e-type=\"column\" data-settings=\"{&quot;background_background&quot;:&quot;classic&quot;}\">\n\t\t\t<div class=\"elementor-widget-wrap elementor-element-populated\">\n\t\t\t\t\t\t<div class=\"elementor-element elementor-element-c476b6f elementor-widget elementor-widget-heading\" data-id=\"c476b6f\" data-element_type=\"widget\" data-e-type=\"widget\" data-widget_type=\"heading.default\">\n\t\t\t\t<div class=\"elementor-widget-container\">\n\t\t\t\t\t<h2 class=\"elementor-heading-title elementor-size-default\">Serie 3600<\/h2>\t\t\t\t<\/div>\n\t\t\t\t<\/div>\n\t\t\t\t<div class=\"elementor-element elementor-element-bea5dae elementor-widget elementor-widget-text-editor\" data-id=\"bea5dae\" data-element_type=\"widget\" data-e-type=\"widget\" data-widget_type=\"text-editor.default\">\n\t\t\t\t<div class=\"elementor-widget-container\">\n\t\t\t\t\t\t\t\t\t<ul><li class=\"ewa-rteLine\">Hasta 468 GPM - Hasta 125 PSI<\/li><li class=\"ewa-rteLine\">Compatible con aplicaciones abrasivas<\/li><li class=\"ewa-rteLine\">Internos endurecidos<\/li><li class=\"ewa-rteLine\">Revestimiento opcional<\/li><li class=\"ewa-rteLine\">M\u00faltiples tama\u00f1os disponibles<\/li><li class=\"ewa-rteLine\">Tama\u00f1os m\u00e1s comunes: 3248 &amp; 3258<\/li><\/ul>\t\t\t\t\t\t\t\t<\/div>\n\t\t\t\t<\/div>\n\t\t\t\t\t<\/div>\n\t\t<\/div>\n\t\t\t\t<div class=\"elementor-column elementor-col-50 elementor-inner-column elementor-element elementor-element-68bd38b\" data-id=\"68bd38b\" data-element_type=\"column\" data-e-type=\"column\">\n\t\t\t<div class=\"elementor-widget-wrap elementor-element-populated\">\n\t\t\t\t\t\t<div class=\"elementor-element elementor-element-f98253c elementor-widget elementor-widget-image\" data-id=\"f98253c\" data-element_type=\"widget\" data-e-type=\"widget\" data-widget_type=\"image.default\">\n\t\t\t\t<div class=\"elementor-widget-container\">\n\t\t\t\t\t\t\t\t\t\t\t\t\t\t\t<img fetchpriority=\"high\" decoding=\"async\" width=\"1024\" height=\"731\" src=\"https:\/\/roperpumps.com\/wp-content\/uploads\/2020\/11\/3600-1024x731.png\" class=\"attachment-large size-large wp-image-768\" alt=\"3600 Series Pump\" srcset=\"https:\/\/roperpumps.com\/wp-content\/uploads\/2020\/11\/3600-1024x731.png 1024w, https:\/\/roperpumps.com\/wp-content\/uploads\/2020\/11\/3600-300x214.png 300w, https:\/\/roperpumps.com\/wp-content\/uploads\/2020\/11\/3600-768x549.png 768w, https:\/\/roperpumps.com\/wp-content\/uploads\/2020\/11\/3600-1536x1097.png 1536w, https:\/\/roperpumps.com\/wp-content\/uploads\/2020\/11\/3600-2048x1463.png 2048w, https:\/\/roperpumps.com\/wp-content\/uploads\/2020\/11\/3600-e1604496837351.png 1000w\" sizes=\"(max-width: 1024px) 100vw, 1024px\" \/>\t\t\t\t\t\t\t\t\t\t\t\t\t\t\t<\/div>\n\t\t\t\t<\/div>\n\t\t\t\t<div class=\"elementor-element elementor-element-68805fa elementor-align-center elementor-widget elementor-widget-button\" data-id=\"68805fa\" data-element_type=\"widget\" data-e-type=\"widget\" data-widget_type=\"button.default\">\n\t\t\t\t<div class=\"elementor-widget-container\">\n\t\t\t\t\t\t\t\t\t<div class=\"elementor-button-wrapper\">\n\t\t\t\t\t<a class=\"elementor-button elementor-button-link elementor-size-sm\" href=\"https:\/\/vx3.856.myftpupload.com\/3600-2\/\">\n\t\t\t\t\t\t<span class=\"elementor-button-content-wrapper\">\n\t\t\t\t\t\t\t\t\t<span class=\"elementor-button-text\">Visitar la p\u00e1gina de la bomba<\/span>\n\t\t\t\t\t<\/span>\n\t\t\t\t\t<\/a>\n\t\t\t\t<\/div>\n\t\t\t\t\t\t\t\t<\/div>\n\t\t\t\t<\/div>\n\t\t\t\t\t<\/div>\n\t\t<\/div>\n\t\t\t\t\t<\/div>\n\t\t<\/section>\n\t\t\t\t<section data-particle_enable=\"false\" data-particle-mobile-disabled=\"false\" class=\"elementor-section elementor-inner-section elementor-element elementor-element-602a1e4 elementor-reverse-mobile elementor-section-boxed elementor-section-height-default elementor-section-height-default\" data-id=\"602a1e4\" data-element_type=\"section\" data-e-type=\"section\" data-settings=\"{&quot;background_background&quot;:&quot;classic&quot;}\">\n\t\t\t\t\t\t<div class=\"elementor-container elementor-column-gap-default\">\n\t\t\t\t\t<div class=\"elementor-column elementor-col-50 elementor-inner-column elementor-element elementor-element-70c74ed\" data-id=\"70c74ed\" data-element_type=\"column\" data-e-type=\"column\" data-settings=\"{&quot;background_background&quot;:&quot;classic&quot;}\">\n\t\t\t<div class=\"elementor-widget-wrap elementor-element-populated\">\n\t\t\t\t\t\t<div class=\"elementor-element elementor-element-f07ef7a elementor-widget elementor-widget-heading\" data-id=\"f07ef7a\" data-element_type=\"widget\" data-e-type=\"widget\" data-widget_type=\"heading.default\">\n\t\t\t\t<div class=\"elementor-widget-container\">\n\t\t\t\t\t<h2 class=\"elementor-heading-title elementor-size-default\">Serie A<\/h2>\t\t\t\t<\/div>\n\t\t\t\t<\/div>\n\t\t\t\t<div class=\"elementor-element elementor-element-258c7e4 elementor-widget elementor-widget-text-editor\" data-id=\"258c7e4\" data-element_type=\"widget\" data-e-type=\"widget\" data-widget_type=\"text-editor.default\">\n\t\t\t\t<div class=\"elementor-widget-container\">\n\t\t\t\t\t\t\t\t\t<ul><li class=\"ewa-rteLine\">Hasta 75,6 GPM - Hasta 300 PSI<\/li><li class=\"ewa-rteLine\">12 tallas disponibles<\/li><li class=\"ewa-rteLine\">Opciones configurables de sellado\/empaquetado<\/li><li class=\"ewa-rteLine\">Opci\u00f3n de acoplamiento compacto<\/li><\/ul>\t\t\t\t\t\t\t\t<\/div>\n\t\t\t\t<\/div>\n\t\t\t\t\t<\/div>\n\t\t<\/div>\n\t\t\t\t<div class=\"elementor-column elementor-col-50 elementor-inner-column elementor-element elementor-element-320886b\" data-id=\"320886b\" data-element_type=\"column\" data-e-type=\"column\">\n\t\t\t<div class=\"elementor-widget-wrap elementor-element-populated\">\n\t\t\t\t\t\t<div class=\"elementor-element elementor-element-330bcc4 elementor-widget elementor-widget-image\" data-id=\"330bcc4\" data-element_type=\"widget\" data-e-type=\"widget\" data-widget_type=\"image.default\">\n\t\t\t\t<div class=\"elementor-widget-container\">\n\t\t\t\t\t\t\t\t\t\t\t\t\t\t\t<img decoding=\"async\" width=\"1024\" height=\"731\" src=\"https:\/\/roperpumps.com\/wp-content\/uploads\/2024\/04\/A-Series-1024x731.png\" class=\"attachment-large size-large wp-image-5880\" alt=\"A series pump\" srcset=\"https:\/\/roperpumps.com\/wp-content\/uploads\/2024\/04\/A-Series-1024x731.png 1024w, https:\/\/roperpumps.com\/wp-content\/uploads\/2024\/04\/A-Series-300x214.png 300w, https:\/\/roperpumps.com\/wp-content\/uploads\/2024\/04\/A-Series-768x549.png 768w, https:\/\/roperpumps.com\/wp-content\/uploads\/2024\/04\/A-Series-1536x1097.png 1536w, https:\/\/roperpumps.com\/wp-content\/uploads\/2024\/04\/A-Series-2048x1463.png 2048w\" sizes=\"(max-width: 1024px) 100vw, 1024px\" \/>\t\t\t\t\t\t\t\t\t\t\t\t\t\t\t<\/div>\n\t\t\t\t<\/div>\n\t\t\t\t<div class=\"elementor-element elementor-element-e224d5e elementor-align-center elementor-widget elementor-widget-button\" data-id=\"e224d5e\" data-element_type=\"widget\" data-e-type=\"widget\" data-widget_type=\"button.default\">\n\t\t\t\t<div class=\"elementor-widget-container\">\n\t\t\t\t\t\t\t\t\t<div class=\"elementor-button-wrapper\">\n\t\t\t\t\t<a class=\"elementor-button elementor-button-link elementor-size-sm\" href=\"https:\/\/vx3.856.myftpupload.com\/a-series\/\">\n\t\t\t\t\t\t<span class=\"elementor-button-content-wrapper\">\n\t\t\t\t\t\t\t\t\t<span class=\"elementor-button-text\">Visitar la p\u00e1gina de la bomba<\/span>\n\t\t\t\t\t<\/span>\n\t\t\t\t\t<\/a>\n\t\t\t\t<\/div>\n\t\t\t\t\t\t\t\t<\/div>\n\t\t\t\t<\/div>\n\t\t\t\t\t<\/div>\n\t\t<\/div>\n\t\t\t\t\t<\/div>\n\t\t<\/section>\n\t\t\t\t\t<\/div>\n\t\t<\/div>\n\t\t\t\t<div class=\"elementor-column elementor-col-50 elementor-top-column elementor-element elementor-element-211e858\" data-id=\"211e858\" data-element_type=\"column\" data-e-type=\"column\">\n\t\t\t<div class=\"elementor-widget-wrap elementor-element-populated\">\n\t\t\t\t\t\t<div class=\"elementor-element elementor-element-19b5a35 elementor-widget elementor-widget-html\" data-id=\"19b5a35\" data-element_type=\"widget\" data-e-type=\"widget\" data-widget_type=\"html.default\">\n\t\t\t\t<div class=\"elementor-widget-container\">\n\t\t\t\t\t<div class=\"pipedriveWebForms\" data-pd-webforms=\"https:\/\/webforms.pipedrive.com\/f\/6N1fPSF8tv8vRJipIkXAPAb4ud2MPX1GXO8MXzyGqXrvDNt3Z1zXqGtCeC7Xev5L5V\"><script src=\"https:\/\/webforms.pipedrive.com\/f\/loader\"><\/script><\/div>\t\t\t\t<\/div>\n\t\t\t\t<\/div>\n\t\t\t\t\t<\/div>\n\t\t<\/div>\n\t\t\t\t\t<\/div>\n\t\t<\/section>\n\t\t\t\t<\/div>","protected":false},"excerpt":{"rendered":"<p>Chemicals Soaps &amp; Surfactant Well-suited for helping facilitate the transfer of various liquid formations used in soap handling, Roper pumps are common choices for applications in the production of soaps and surfactants. These pumps are are known for their reliability and and ability to handle raw materials like oils, fats, and surfactants. Featured Pumps 3600 [&hellip;]<\/p>\n","protected":false},"author":10,"featured_media":0,"parent":6351,"menu_order":0,"comment_status":"closed","ping_status":"closed","template":"elementor_header_footer","meta":{"content-type":"","site-sidebar-layout":"no-sidebar","site-content-layout":"page-builder","ast-site-content-layout":"full-width-container","site-content-style":"default","site-sidebar-style":"default","ast-global-header-display":"","ast-banner-title-visibility":"","ast-main-header-display":"","ast-hfb-above-header-display":"","ast-hfb-below-header-display":"","ast-hfb-mobile-header-display":"","site-post-title":"disabled","ast-breadcrumbs-content":"","ast-featured-img":"disabled","footer-sml-layout":"","ast-disable-related-posts":"","theme-transparent-header-meta":"","adv-header-id-meta":"","stick-header-meta":"","header-above-stick-meta":"","header-main-stick-meta":"","header-below-stick-meta":"","astra-migrate-meta-layouts":"set","ast-page-background-enabled":"default","ast-page-background-meta":{"desktop":{"background-color":"var(--ast-global-color-4)","background-image":"","background-repeat":"repeat","background-position":"center center","background-size":"auto","background-attachment":"scroll","background-type":"","background-media":"","overlay-type":"","overlay-color":"","overlay-opacity":"","overlay-gradient":""},"tablet":{"background-color":"","background-image":"","background-repeat":"repeat","background-position":"center center","background-size":"auto","background-attachment":"scroll","background-type":"","background-media":"","overlay-type":"","overlay-color":"","overlay-opacity":"","overlay-gradient":""},"mobile":{"background-color":"","background-image":"","background-repeat":"repeat","background-position":"center center","background-size":"auto","background-attachment":"scroll","background-type":"","background-media":"","overlay-type":"","overlay-color":"","overlay-opacity":"","overlay-gradient":""}},"ast-content-background-meta":{"desktop":{"background-color":"var(--ast-global-color-5)","background-image":"","background-repeat":"repeat","background-position":"center center","background-size":"auto","background-attachment":"scroll","background-type":"","background-media":"","overlay-type":"","overlay-color":"","overlay-opacity":"","overlay-gradient":""},"tablet":{"background-color":"var(--ast-global-color-5)","background-image":"","background-repeat":"repeat","background-position":"center center","background-size":"auto","background-attachment":"scroll","background-type":"","background-media":"","overlay-type":"","overlay-color":"","overlay-opacity":"","overlay-gradient":""},"mobile":{"background-color":"var(--ast-global-color-5)","background-image":"","background-repeat":"repeat","background-position":"center center","background-size":"auto","background-attachment":"scroll","background-type":"","background-media":"","overlay-type":"","overlay-color":"","overlay-opacity":"","overlay-gradient":""}},"footnotes":""},"class_list":["post-7751","page","type-page","status-publish","hentry"],"yoast_head":"<!-- This site is optimized with the Yoast SEO plugin v27.5 - https:\/\/yoast.com\/product\/yoast-seo-wordpress\/ -->\n<title>Pump Usage in Soaps &amp; Surfactant Production | Roper Pump Company<\/title>\n<meta name=\"description\" content=\"Explore the vital role of Roper pumps in soap and surfactant production. Find out how these pumps are trusted for their reliability and ability to handle liquid formations.\" \/>\n<meta name=\"robots\" content=\"index, follow, max-snippet:-1, max-image-preview:large, max-video-preview:-1\" \/>\n<link rel=\"canonical\" href=\"https:\/\/roperpumps.com\/es\/chemicals-market\/soaps-surfactant\/\" \/>\n<meta property=\"og:locale\" content=\"es_MX\" \/>\n<meta property=\"og:type\" content=\"article\" \/>\n<meta property=\"og:title\" content=\"Pump Usage in Soaps &amp; Surfactant Production | Roper Pump Company\" \/>\n<meta property=\"og:description\" content=\"Explore the vital role of Roper pumps in soap and surfactant production. Find out how these pumps are trusted for their reliability and ability to handle liquid formations.\" \/>\n<meta property=\"og:url\" content=\"https:\/\/roperpumps.com\/es\/chemicals-market\/soaps-surfactant\/\" \/>\n<meta property=\"og:site_name\" content=\"Roper Pump Company\" \/>\n<meta property=\"article:modified_time\" content=\"2024-10-17T22:50:33+00:00\" \/>\n<meta property=\"og:image\" content=\"https:\/\/roperpumps.com\/wp-content\/uploads\/2020\/11\/3600-1024x731.png\" \/>\n<meta name=\"twitter:card\" content=\"summary_large_image\" \/>\n<meta name=\"twitter:label1\" content=\"Tiempo de lectura\" \/>\n\t<meta name=\"twitter:data1\" content=\"1 minuto\" \/>\n<script type=\"application\/ld+json\" class=\"yoast-schema-graph\">{\"@context\":\"https:\\\/\\\/schema.org\",\"@graph\":[{\"@type\":\"WebPage\",\"@id\":\"https:\\\/\\\/roperpumps.com\\\/chemicals-market\\\/soaps-surfactant\\\/\",\"url\":\"https:\\\/\\\/roperpumps.com\\\/chemicals-market\\\/soaps-surfactant\\\/\",\"name\":\"Pump Usage in Soaps & Surfactant Production | Roper Pump Company\",\"isPartOf\":{\"@id\":\"https:\\\/\\\/roperpumps.com\\\/#website\"},\"primaryImageOfPage\":{\"@id\":\"https:\\\/\\\/roperpumps.com\\\/chemicals-market\\\/soaps-surfactant\\\/#primaryimage\"},\"image\":{\"@id\":\"https:\\\/\\\/roperpumps.com\\\/chemicals-market\\\/soaps-surfactant\\\/#primaryimage\"},\"thumbnailUrl\":\"https:\\\/\\\/roperpumps.com\\\/wp-content\\\/uploads\\\/2020\\\/11\\\/3600-1024x731.png\",\"datePublished\":\"2024-06-04T13:28:01+00:00\",\"dateModified\":\"2024-10-17T22:50:33+00:00\",\"description\":\"Explore the vital role of Roper pumps in soap and surfactant production. Find out how these pumps are trusted for their reliability and ability to handle liquid formations.\",\"breadcrumb\":{\"@id\":\"https:\\\/\\\/roperpumps.com\\\/chemicals-market\\\/soaps-surfactant\\\/#breadcrumb\"},\"inLanguage\":\"es\",\"potentialAction\":[{\"@type\":\"ReadAction\",\"target\":[\"https:\\\/\\\/roperpumps.com\\\/chemicals-market\\\/soaps-surfactant\\\/\"]}]},{\"@type\":\"ImageObject\",\"inLanguage\":\"es\",\"@id\":\"https:\\\/\\\/roperpumps.com\\\/chemicals-market\\\/soaps-surfactant\\\/#primaryimage\",\"url\":\"https:\\\/\\\/roperpumps.com\\\/wp-content\\\/uploads\\\/2020\\\/11\\\/3600-1024x731.png\",\"contentUrl\":\"https:\\\/\\\/roperpumps.com\\\/wp-content\\\/uploads\\\/2020\\\/11\\\/3600-1024x731.png\"},{\"@type\":\"BreadcrumbList\",\"@id\":\"https:\\\/\\\/roperpumps.com\\\/chemicals-market\\\/soaps-surfactant\\\/#breadcrumb\",\"itemListElement\":[{\"@type\":\"ListItem\",\"position\":1,\"name\":\"Home\",\"item\":\"https:\\\/\\\/roperpumps.com\\\/\"},{\"@type\":\"ListItem\",\"position\":2,\"name\":\"Chemicals Market\",\"item\":\"https:\\\/\\\/roperpumps.com\\\/chemicals-market\\\/\"},{\"@type\":\"ListItem\",\"position\":3,\"name\":\"Soaps &amp; Surfactant\"}]},{\"@type\":\"WebSite\",\"@id\":\"https:\\\/\\\/roperpumps.com\\\/#website\",\"url\":\"https:\\\/\\\/roperpumps.com\\\/\",\"name\":\"Roper Pump Company\",\"description\":\"Innovative pumping solutions for your most demanding applications\",\"publisher\":{\"@id\":\"https:\\\/\\\/roperpumps.com\\\/#organization\"},\"potentialAction\":[{\"@type\":\"SearchAction\",\"target\":{\"@type\":\"EntryPoint\",\"urlTemplate\":\"https:\\\/\\\/roperpumps.com\\\/?s={search_term_string}\"},\"query-input\":{\"@type\":\"PropertyValueSpecification\",\"valueRequired\":true,\"valueName\":\"search_term_string\"}}],\"inLanguage\":\"es\"},{\"@type\":\"Organization\",\"@id\":\"https:\\\/\\\/roperpumps.com\\\/#organization\",\"name\":\"Roper Pump Company\",\"url\":\"https:\\\/\\\/roperpumps.com\\\/\",\"logo\":{\"@type\":\"ImageObject\",\"inLanguage\":\"es\",\"@id\":\"https:\\\/\\\/roperpumps.com\\\/#\\\/schema\\\/logo\\\/image\\\/\",\"url\":\"https:\\\/\\\/roperpumps.com\\\/wp-content\\\/uploads\\\/2020\\\/04\\\/Roper_Logo2.png\",\"contentUrl\":\"https:\\\/\\\/roperpumps.com\\\/wp-content\\\/uploads\\\/2020\\\/04\\\/Roper_Logo2.png\",\"width\":1089,\"height\":507,\"caption\":\"Roper Pump Company\"},\"image\":{\"@id\":\"https:\\\/\\\/roperpumps.com\\\/#\\\/schema\\\/logo\\\/image\\\/\"}}]}<\/script>\n<!-- \/ Yoast SEO plugin. -->","yoast_head_json":{"title":"Pump Usage in Soaps & Surfactant Production | Roper Pump Company","description":"Explore the vital role of Roper pumps in soap and surfactant production. Find out how these pumps are trusted for their reliability and ability to handle liquid formations.","robots":{"index":"index","follow":"follow","max-snippet":"max-snippet:-1","max-image-preview":"max-image-preview:large","max-video-preview":"max-video-preview:-1"},"canonical":"https:\/\/roperpumps.com\/es\/chemicals-market\/soaps-surfactant\/","og_locale":"es_MX","og_type":"article","og_title":"Pump Usage in Soaps & Surfactant Production | Roper Pump Company","og_description":"Explore the vital role of Roper pumps in soap and surfactant production. Find out how these pumps are trusted for their reliability and ability to handle liquid formations.","og_url":"https:\/\/roperpumps.com\/es\/chemicals-market\/soaps-surfactant\/","og_site_name":"Roper Pump Company","article_modified_time":"2024-10-17T22:50:33+00:00","og_image":[{"url":"https:\/\/roperpumps.com\/wp-content\/uploads\/2020\/11\/3600-1024x731.png","type":"","width":"","height":""}],"twitter_card":"summary_large_image","twitter_misc":{"Tiempo de lectura":"1 minuto"},"schema":{"@context":"https:\/\/schema.org","@graph":[{"@type":"WebPage","@id":"https:\/\/roperpumps.com\/chemicals-market\/soaps-surfactant\/","url":"https:\/\/roperpumps.com\/chemicals-market\/soaps-surfactant\/","name":"Pump Usage in Soaps & Surfactant Production | Roper Pump Company","isPartOf":{"@id":"https:\/\/roperpumps.com\/#website"},"primaryImageOfPage":{"@id":"https:\/\/roperpumps.com\/chemicals-market\/soaps-surfactant\/#primaryimage"},"image":{"@id":"https:\/\/roperpumps.com\/chemicals-market\/soaps-surfactant\/#primaryimage"},"thumbnailUrl":"https:\/\/roperpumps.com\/wp-content\/uploads\/2020\/11\/3600-1024x731.png","datePublished":"2024-06-04T13:28:01+00:00","dateModified":"2024-10-17T22:50:33+00:00","description":"Explore the vital role of Roper pumps in soap and surfactant production. Find out how these pumps are trusted for their reliability and ability to handle liquid formations.","breadcrumb":{"@id":"https:\/\/roperpumps.com\/chemicals-market\/soaps-surfactant\/#breadcrumb"},"inLanguage":"es","potentialAction":[{"@type":"ReadAction","target":["https:\/\/roperpumps.com\/chemicals-market\/soaps-surfactant\/"]}]},{"@type":"ImageObject","inLanguage":"es","@id":"https:\/\/roperpumps.com\/chemicals-market\/soaps-surfactant\/#primaryimage","url":"https:\/\/roperpumps.com\/wp-content\/uploads\/2020\/11\/3600-1024x731.png","contentUrl":"https:\/\/roperpumps.com\/wp-content\/uploads\/2020\/11\/3600-1024x731.png"},{"@type":"BreadcrumbList","@id":"https:\/\/roperpumps.com\/chemicals-market\/soaps-surfactant\/#breadcrumb","itemListElement":[{"@type":"ListItem","position":1,"name":"Home","item":"https:\/\/roperpumps.com\/"},{"@type":"ListItem","position":2,"name":"Chemicals Market","item":"https:\/\/roperpumps.com\/chemicals-market\/"},{"@type":"ListItem","position":3,"name":"Soaps &amp; Surfactant"}]},{"@type":"WebSite","@id":"https:\/\/roperpumps.com\/#website","url":"https:\/\/roperpumps.com\/","name":"Roper Pump Company","description":"Soluciones de bombeo innovadoras para sus aplicaciones m\u00e1s exigentes","publisher":{"@id":"https:\/\/roperpumps.com\/#organization"},"potentialAction":[{"@type":"SearchAction","target":{"@type":"EntryPoint","urlTemplate":"https:\/\/roperpumps.com\/?s={search_term_string}"},"query-input":{"@type":"PropertyValueSpecification","valueRequired":true,"valueName":"search_term_string"}}],"inLanguage":"es"},{"@type":"Organization","@id":"https:\/\/roperpumps.com\/#organization","name":"Roper Pump Company","url":"https:\/\/roperpumps.com\/","logo":{"@type":"ImageObject","inLanguage":"es","@id":"https:\/\/roperpumps.com\/#\/schema\/logo\/image\/","url":"https:\/\/roperpumps.com\/wp-content\/uploads\/2020\/04\/Roper_Logo2.png","contentUrl":"https:\/\/roperpumps.com\/wp-content\/uploads\/2020\/04\/Roper_Logo2.png","width":1089,"height":507,"caption":"Roper Pump Company"},"image":{"@id":"https:\/\/roperpumps.com\/#\/schema\/logo\/image\/"}}]}},"_links":{"self":[{"href":"https:\/\/roperpumps.com\/es\/wp-json\/wp\/v2\/pages\/7751","targetHints":{"allow":["GET"]}}],"collection":[{"href":"https:\/\/roperpumps.com\/es\/wp-json\/wp\/v2\/pages"}],"about":[{"href":"https:\/\/roperpumps.com\/es\/wp-json\/wp\/v2\/types\/page"}],"author":[{"embeddable":true,"href":"https:\/\/roperpumps.com\/es\/wp-json\/wp\/v2\/users\/10"}],"replies":[{"embeddable":true,"href":"https:\/\/roperpumps.com\/es\/wp-json\/wp\/v2\/comments?post=7751"}],"version-history":[{"count":10,"href":"https:\/\/roperpumps.com\/es\/wp-json\/wp\/v2\/pages\/7751\/revisions"}],"predecessor-version":[{"id":9540,"href":"https:\/\/roperpumps.com\/es\/wp-json\/wp\/v2\/pages\/7751\/revisions\/9540"}],"up":[{"embeddable":true,"href":"https:\/\/roperpumps.com\/es\/wp-json\/wp\/v2\/pages\/6351"}],"wp:attachment":[{"href":"https:\/\/roperpumps.com\/es\/wp-json\/wp\/v2\/media?parent=7751"}],"curies":[{"name":"wp","href":"https:\/\/api.w.org\/{rel}","templated":true}]}}